{"id":6967,"date":"2022-09-09T13:29:13","date_gmt":"2022-09-09T10:29:13","guid":{"rendered":"https:\/\/www.vavdoor.com\/?page_id=6967"},"modified":"2022-09-09T13:43:19","modified_gmt":"2022-09-09T10:43:19","slug":"teklifformu","status":"publish","type":"page","link":"https:\/\/vavdoor.com\/en\/teklifformu\/","title":{"rendered":"Teklif Formu"},"content":{"rendered":"<div data-elementor-type=\"wp-page\" data-elementor-id=\"6967\" class=\"elementor elementor-6967\">\n\t\t\t\t\t\t\t        <section class=\"elementor-section elementor-top-section elementor-element elementor-element-6cd2cdcd elementor-section-stretched elementor-section-boxed elementor-section-height-default elementor-section-height-default\" data-id=\"6cd2cdcd\" data-element_type=\"section\" data-settings=\"{&quot;stretch_section&quot;:&quot;section-stretched&quot;,&quot;background_background&quot;:&quot;classic&quot;}\">\n\t\t            <div class=\"elementor-background-overlay\"><\/div>\n\t\t\n\t\t        <div class=\"elementor-container elementor-column-gap-default\" >\n\t\t        <div class=\"elementor-column elementor-col-100 elementor-top-column elementor-element elementor-element-1bbe20df\" data-id=\"1bbe20df\" data-element_type=\"column\">\n        <div class=\"elementor-widget-wrap\">\n                                <\/div>\n        <\/div>\n        \t\t        <\/div>\n        <\/section>\n\t\t        <section class=\"elementor-section elementor-top-section elementor-element elementor-element-73a402b elementor-section-stretched elementor-section-boxed elementor-section-height-default elementor-section-height-default\" data-id=\"73a402b\" data-element_type=\"section\" data-settings=\"{&quot;stretch_section&quot;:&quot;section-stretched&quot;}\">\n\t\t\n\t\t        <div class=\"elementor-container elementor-column-gap-default\" >\n\t\t        <div class=\"elementor-column elementor-col-50 elementor-top-column elementor-element elementor-element-104e4bf\" data-id=\"104e4bf\" data-element_type=\"column\">\n        <div class=\"elementor-widget-wrap elementor-element-populated\">\n                        \t\t<div class=\"elementor-element elementor-element-660ed47 elementor-widget elementor-widget-cms_heading\" data-id=\"660ed47\" data-element_type=\"widget\" data-widget_type=\"cms_heading.default\">\n\t\t\t\t<div class=\"elementor-widget-container\">\n\t\t\t<div class=\"cms-heading-wrapper cms-heading-layout1\">\r\n    \r\n            <h4 class=\"custom-heading\">\r\n            <span >VAVDOOR | High-Speed PVC Door Systems<\/span>\r\n        <\/h4>\r\n        \r\n    <\/div>\t\t<\/div>\n\t\t\t\t<\/div>\n\t\t\t\t<div class=\"elementor-element elementor-element-d892977 elementor-widget elementor-widget-cms_heading\" data-id=\"d892977\" data-element_type=\"widget\" data-widget_type=\"cms_heading.default\">\n\t\t\t\t<div class=\"elementor-widget-container\">\n\t\t\t<div class=\"cms-heading-wrapper cms-heading-layout1\">\r\n    \r\n            <h4 class=\"custom-heading\">\r\n            <span >Fill out the form to get a quote.<\/span>\r\n        <\/h4>\r\n        \r\n            <div class=\"custom-heading-description\">To receive information and a quote about our products, please fill out the form and we will get back to you as soon as possible.<\/div>\r\n    <\/div>\t\t<\/div>\n\t\t\t\t<\/div>\n\t\t\t\t<div class=\"elementor-element elementor-element-6a6e70d elementor-widget elementor-widget-spacer\" data-id=\"6a6e70d\" data-element_type=\"widget\" data-widget_type=\"spacer.default\">\n\t\t\t\t<div class=\"elementor-widget-container\">\n\t\t\t<style>\/*! elementor - v3.18.0 - 04-12-2023 *\/\n.elementor-column .elementor-spacer-inner{height:var(--spacer-size)}.e-con{--container-widget-width:100%}.e-con-inner>.elementor-widget-spacer,.e-con>.elementor-widget-spacer{width:var(--container-widget-width,var(--spacer-size));--align-self:var(--container-widget-align-self,initial);--flex-shrink:0}.e-con-inner>.elementor-widget-spacer>.elementor-widget-container,.e-con>.elementor-widget-spacer>.elementor-widget-container{height:100%;width:100%}.e-con-inner>.elementor-widget-spacer>.elementor-widget-container>.elementor-spacer,.e-con>.elementor-widget-spacer>.elementor-widget-container>.elementor-spacer{height:100%}.e-con-inner>.elementor-widget-spacer>.elementor-widget-container>.elementor-spacer>.elementor-spacer-inner,.e-con>.elementor-widget-spacer>.elementor-widget-container>.elementor-spacer>.elementor-spacer-inner{height:var(--container-widget-height,var(--spacer-size))}.e-con-inner>.elementor-widget-spacer.elementor-widget-empty,.e-con>.elementor-widget-spacer.elementor-widget-empty{position:relative;min-height:22px;min-width:22px}.e-con-inner>.elementor-widget-spacer.elementor-widget-empty .elementor-widget-empty-icon,.e-con>.elementor-widget-spacer.elementor-widget-empty .elementor-widget-empty-icon{position:absolute;top:0;bottom:0;left:0;right:0;margin:auto;padding:0;width:22px;height:22px}<\/style>\t\t<div class=\"elementor-spacer\">\n\t\t\t<div class=\"elementor-spacer-inner\"><\/div>\n\t\t<\/div>\n\t\t\t\t<\/div>\n\t\t\t\t<\/div>\n\t\t        <\/div>\n        <\/div>\n                <div class=\"elementor-column elementor-col-50 elementor-top-column elementor-element elementor-element-5b04540\" data-id=\"5b04540\" data-element_type=\"column\">\n        <div class=\"elementor-widget-wrap elementor-element-populated\">\n                        \t\t<div class=\"elementor-element elementor-element-e3c2a84 elementor-widget elementor-widget-cms_ctf7\" data-id=\"e3c2a84\" data-element_type=\"widget\" data-widget_type=\"cms_ctf7.default\">\n\t\t\t\t<div class=\"elementor-widget-container\">\n\t\t\t    <div id=\"cms_ctf7-e3c2a84\" class=\"cms-contact-form style1\">\r\n        <div class=\"cms-contact-form-inner\">\r\n        \t            \n<div class=\"wpcf7 no-js\" id=\"wpcf7-f4085-o1\" lang=\"en-US\" dir=\"ltr\" data-wpcf7-id=\"4085\">\n<div class=\"screen-reader-response\"><p role=\"status\" aria-live=\"polite\" aria-atomic=\"true\"><\/p> <ul><\/ul><\/div>\n<form action=\"\/en\/wp-json\/wp\/v2\/pages\/6967#wpcf7-f4085-o1\" method=\"post\" class=\"wpcf7-form init\" aria-label=\"Contact form\" novalidate=\"novalidate\" data-status=\"init\" data-trp-original-action=\"\/en\/wp-json\/wp\/v2\/pages\/6967#wpcf7-f4085-o1\">\n<fieldset class=\"hidden-fields-container\"><input type=\"hidden\" name=\"_wpcf7\" value=\"4085\" \/><input type=\"hidden\" name=\"_wpcf7_version\" value=\"6.1.5\" \/><input type=\"hidden\" name=\"_wpcf7_locale\" value=\"en_US\" \/><input type=\"hidden\" name=\"_wpcf7_unit_tag\" value=\"wpcf7-f4085-o1\" \/><input type=\"hidden\" name=\"_wpcf7_container_post\" value=\"0\" \/><input type=\"hidden\" name=\"_wpcf7_posted_data_hash\" value=\"\" \/>\n<\/fieldset>\n<div class=\"contact-form-box\">\n    <h3 class=\"box-heading\">Person Requesting the Offer<\/h3>\n    <div class=\"row\">\n        <div class=\"col-lg-4\"><span class=\"wpcf7-form-control-wrap\" data-name=\"ct_name\"><input size=\"40\" maxlength=\"400\" class=\"wpcf7-form-control wpcf7-text wpcf7-validates-as-required\" aria-required=\"true\" aria-invalid=\"false\" placeholder=\"Your Name and Surname*\" value=\"\" type=\"text\" name=\"ct_name\" \/><\/span><\/div>\n        <div class=\"col-lg-4\"><span class=\"wpcf7-form-control-wrap\" data-name=\"ct_email\"><input size=\"40\" maxlength=\"400\" class=\"wpcf7-form-control wpcf7-email wpcf7-validates-as-required wpcf7-text wpcf7-validates-as-email\" aria-required=\"true\" aria-invalid=\"false\" placeholder=\"Mail *\" value=\"\" type=\"email\" name=\"ct_email\" \/><\/span><\/div>\n        <div class=\"col-lg-4\"><span class=\"wpcf7-form-control-wrap\" data-name=\"ct_phone\"><input size=\"40\" maxlength=\"400\" class=\"wpcf7-form-control wpcf7-tel wpcf7-validates-as-required wpcf7-text wpcf7-validates-as-tel\" aria-required=\"true\" aria-invalid=\"false\" placeholder=\"Telephone *\" value=\"\" type=\"tel\" name=\"ct_phone\" \/><\/span><\/div>\n    <\/div>\n<\/div>\n<div class=\"contact-form-box\">\n    <h3 class=\"box-heading\">Company Information<\/h3>\n    <div class=\"row\">\n        <div class=\"col-lg-4\"><span class=\"wpcf7-form-control-wrap\" data-name=\"ct_name\"><input size=\"40\" maxlength=\"400\" class=\"wpcf7-form-control wpcf7-text wpcf7-validates-as-required\" aria-required=\"true\" aria-invalid=\"false\" placeholder=\"Company Name*\" value=\"\" type=\"text\" name=\"ct_name\" \/><\/span><\/div>\n        <div class=\"col-lg-4\"><span class=\"wpcf7-form-control-wrap\" data-name=\"ct_city\"><input size=\"40\" maxlength=\"400\" class=\"wpcf7-form-control wpcf7-text\" aria-invalid=\"false\" placeholder=\"City\" value=\"\" type=\"text\" name=\"ct_city\" \/><\/span><\/div>\n          <div class=\"col-lg-4 clearfix\">\n             <\/div>\n<\/div>\n          <div class=\"row\">\n           <div class=\"col-12\">\n          <div class=\"input-filled\"><span class=\"wpcf7-form-control-wrap\" data-name=\"your-message\"><textarea cols=\"40\" rows=\"10\" maxlength=\"2000\" class=\"wpcf7-form-control wpcf7-textarea wpcf7-validates-as-required\" aria-required=\"true\" aria-invalid=\"false\" placeholder=\"Your message (Please write the product details...)\" name=\"your-message\"><\/textarea><\/span><\/div>\n    <\/div>\n        <\/div>\n        <div class=\"col-lg-12\" style=\"margin-top: -5px;\"><span class=\"wpcf7-form-control-wrap\" data-name=\"fragile\"><span class=\"wpcf7-form-control wpcf7-radio\"><span class=\"wpcf7-list-item first\"><input type=\"radio\" name=\"fragile\" value=\"Montaj Ekibimiz Var?\" checked=\"checked\" \/><span class=\"wpcf7-list-item-label\">Do we have an assembly team?<\/span><\/span><span class=\"wpcf7-list-item last\"><input type=\"radio\" name=\"fragile\" value=\"Montaj Ekibimiz Yok?\" \/><span class=\"wpcf7-list-item-label\">We don&#039;t have an assembly team?<\/span><\/span><\/span><\/span><\/div>\n    <\/div>\n<input type=\"hidden\" name=\"trp-form-language\" value=\"en\"\/><\/div>\n<input class=\"wpcf7-form-control wpcf7-submit has-spinner btn btn-secondary btn-fullwidth\" type=\"submit\" value=\"Submit Offer\" \/><div class=\"wpcf7-response-output\" aria-hidden=\"true\"><\/div>\n<\/form>\n<\/div>\n        <\/div>\r\n    <\/div>\r\n\t\t<\/div>\n\t\t\t\t<\/div>\n\t\t        <\/div>\n        <\/div>\n        \t\t        <\/div>\n        <\/section>\n\t\t\t\t\t\t\t<\/div>","protected":false},"excerpt":{"rendered":"<p>VAVDOOR | Y\u00fcksek H\u0131zl\u0131 PVC Kap\u0131 Sistemleri Teklif Almak \u0130\u00e7in Formu Doldurun. \u00dcr\u00fcnlerimiz hakk\u0131nda bilgi ve teklif almak i\u00e7in formu doldurun, en k\u0131sa zamanda size d\u00f6n\u00fc\u015f yap\u0131lacakt\u0131r. Teklif Talep Eden Ki\u015fi Firma Bilgileri Montaj Ekibimiz Var?Montaj Ekibimiz Yok?<\/p>","protected":false},"author":1,"featured_media":0,"parent":0,"menu_order":0,"comment_status":"closed","ping_status":"closed","template":"","meta":{"_joinchat":[],"footnotes":""},"class_list":["post-6967","page","type-page","status-publish","hentry"],"_links":{"self":[{"href":"https:\/\/vavdoor.com\/en\/wp-json\/wp\/v2\/pages\/6967","targetHints":{"allow":["GET"]}}],"collection":[{"href":"https:\/\/vavdoor.com\/en\/wp-json\/wp\/v2\/pages"}],"about":[{"href":"https:\/\/vavdoor.com\/en\/wp-json\/wp\/v2\/types\/page"}],"author":[{"embeddable":true,"href":"https:\/\/vavdoor.com\/en\/wp-json\/wp\/v2\/users\/1"}],"replies":[{"embeddable":true,"href":"https:\/\/vavdoor.com\/en\/wp-json\/wp\/v2\/comments?post=6967"}],"version-history":[{"count":10,"href":"https:\/\/vavdoor.com\/en\/wp-json\/wp\/v2\/pages\/6967\/revisions"}],"predecessor-version":[{"id":6981,"href":"https:\/\/vavdoor.com\/en\/wp-json\/wp\/v2\/pages\/6967\/revisions\/6981"}],"wp:attachment":[{"href":"https:\/\/vavdoor.com\/en\/wp-json\/wp\/v2\/media?parent=6967"}],"curies":[{"name":"wp","href":"https:\/\/api.w.org\/{rel}","templated":true}]}}