{"id":6238,"date":"2022-08-23T10:53:21","date_gmt":"2022-08-23T07:53:21","guid":{"rendered":"http:\/\/www.vavdoor.com\/?page_id=6238"},"modified":"2022-10-26T16:26:55","modified_gmt":"2022-10-26T13:26:55","slug":"katlanir-kapilar","status":"publish","type":"page","link":"https:\/\/vavdoor.com\/en\/katlanir-kapilar\/","title":{"rendered":"Katlan\u0131r Kap\u0131lar"},"content":{"rendered":"\t\t<div data-elementor-type=\"wp-page\" data-elementor-id=\"6238\" class=\"elementor elementor-6238\">\n\t\t\t\t\t\t\t        <section class=\"elementor-section elementor-top-section elementor-element elementor-element-43db164a elementor-section-stretched elementor-section-boxed elementor-section-height-default elementor-section-height-default\" data-id=\"43db164a\" data-element_type=\"section\" data-settings=\"{&quot;stretch_section&quot;:&quot;section-stretched&quot;,&quot;background_background&quot;:&quot;classic&quot;}\">\n\t\t            <div class=\"elementor-background-overlay\"><\/div>\n\t\t\n\t\t        <div class=\"elementor-container elementor-column-gap-default \" >\n\t\t        <div class=\"elementor-column elementor-col-100 elementor-top-column elementor-element elementor-element-33dd2da9\" data-id=\"33dd2da9\" data-element_type=\"column\">\n        <div class=\"elementor-widget-wrap\">\n                                <\/div>\n        <\/div>\n        \t\t        <\/div>\n        <\/section>\n\t\t        <section class=\"elementor-section elementor-top-section elementor-element elementor-element-15ebed4 elementor-section-boxed elementor-section-height-default elementor-section-height-default\" data-id=\"15ebed4\" data-element_type=\"section\">\n\t\t\n\t\t        <div class=\"elementor-container elementor-column-gap-default \" >\n\t\t        <div class=\"elementor-column elementor-col-100 elementor-top-column elementor-element elementor-element-c5f6f7e\" data-id=\"c5f6f7e\" data-element_type=\"column\">\n        <div class=\"elementor-widget-wrap elementor-element-populated\">\n                        \t\t<div class=\"elementor-element elementor-element-3dfbf9d elementor-widget elementor-widget-cms_heading\" data-id=\"3dfbf9d\" data-element_type=\"widget\" data-widget_type=\"cms_heading.default\">\n\t\t\t\t<div class=\"elementor-widget-container\">\n\t\t\t<div class=\"cms-heading-wrapper cms-heading-layout1\">\r\n            <div class=\"custom-subheading\">VAVDOOR | H\u0131zl\u0131 PVC Kap\u0131 Sistemleri<\/div>\r\n    \r\n            <h2 class=\"custom-heading\">\r\n            <span >Katlan\u0131r PVC\n <br>Kap\u0131 Sistemleri<\/span>\r\n        <\/h2>\r\n        \r\n    <\/div>\t\t<\/div>\n\t\t\t\t<\/div>\n\t\t        <\/div>\n        <\/div>\n        \t\t        <\/div>\n        <\/section>\n\t\t        <section class=\"elementor-section elementor-top-section elementor-element elementor-element-90b4415 elementor-section-boxed elementor-section-height-default elementor-section-height-default\" data-id=\"90b4415\" data-element_type=\"section\">\n\t\t\n\t\t        <div class=\"elementor-container elementor-column-gap-extended \" >\n\t\t        <div class=\"elementor-column elementor-col-33 elementor-top-column elementor-element elementor-element-c1ab7e7\" data-id=\"c1ab7e7\" data-element_type=\"column\">\n        <div class=\"elementor-widget-wrap elementor-element-populated\">\n                        \t\t<div class=\"elementor-element elementor-element-8e8c8d4 elementor-widget elementor-widget-image\" data-id=\"8e8c8d4\" data-element_type=\"widget\" data-widget_type=\"image.default\">\n\t\t\t\t<div class=\"elementor-widget-container\">\n\t\t\t<style>\/*! elementor - v3.18.0 - 04-12-2023 *\/\n.elementor-widget-image{text-align:center}.elementor-widget-image a{display:inline-block}.elementor-widget-image a img[src$=\".svg\"]{width:48px}.elementor-widget-image img{vertical-align:middle;display:inline-block}<\/style>\t\t\t\t\t\t\t\t\t\t\t\t\t<a href=\"https:\/\/www.vavdoor.com\/serfold\/\">\n\t\t\t\t\t\t\t<img fetchpriority=\"high\" decoding=\"async\" width=\"768\" height=\"512\" src=\"https:\/\/vavdoor.com\/wp-content\/uploads\/2022\/09\/SerFold.jpg\" class=\"attachment-full size-full wp-image-6475\" alt=\"\" srcset=\"https:\/\/vavdoor.com\/wp-content\/uploads\/2022\/09\/SerFold.jpg 768w, https:\/\/vavdoor.com\/wp-content\/uploads\/2022\/09\/SerFold-300x200.jpg 300w\" sizes=\"(max-width: 768px) 100vw, 768px\" \/>\t\t\t\t\t\t\t\t<\/a>\n\t\t\t\t\t\t\t\t\t\t\t\t\t\t\t<\/div>\n\t\t\t\t<\/div>\n\t\t\t\t<div class=\"elementor-element elementor-element-1c8bc10 elementor-position-left elementor-view-default elementor-mobile-position-top elementor-vertical-align-top elementor-widget elementor-widget-icon-box\" data-id=\"1c8bc10\" data-element_type=\"widget\" data-widget_type=\"icon-box.default\">\n\t\t\t\t<div class=\"elementor-widget-container\">\n\t\t\t<link rel=\"stylesheet\" href=\"https:\/\/vavdoor.com\/wp-content\/plugins\/elementor\/assets\/css\/widget-icon-box.min.css\">\t\t<div class=\"elementor-icon-box-wrapper\">\n\t\t\t\t\t\t<div class=\"elementor-icon-box-icon\">\n\t\t\t\t<a href=\"https:\/\/www.vavdoor.com\/serfold\/\" class=\"elementor-icon elementor-animation-\" tabindex=\"-1\">\n\t\t\t\t<i aria-hidden=\"true\" class=\"fas fa-ellipsis-v\"><\/i>\t\t\t\t<\/a>\n\t\t\t<\/div>\n\t\t\t\t\t\t<div class=\"elementor-icon-box-content\">\n\t\t\t\t<h3 class=\"elementor-icon-box-title\">\n\t\t\t\t\t<a href=\"https:\/\/www.vavdoor.com\/serfold\/\" >\n\t\t\t\t\t\tSERFOLD\t\t\t\t\t<\/a>\n\t\t\t\t<\/h3>\n\t\t\t\t\t\t\t\t\t<p class=\"elementor-icon-box-description\">\n\t\t\t\t\t\tSERFOLD katlan\u0131r tip h\u0131zl\u0131 PVC kap\u0131, 900gr\/m\u00b2 PVC branda malzemesinden mamul, tek kat PVC brandan\u0131n cepleri i\u00e7erisine \u00d827x2mm. \u00e7elik borularla g\u00fc\u00e7lendirilmi\u015f yap\u0131da\t\t\t\t\t<\/p>\n\t\t\t\t\t\t\t<\/div>\n\t\t<\/div>\n\t\t\t\t<\/div>\n\t\t\t\t<\/div>\n\t\t        <\/div>\n        <\/div>\n                <div class=\"elementor-column elementor-col-33 elementor-top-column elementor-element elementor-element-6767fe8\" data-id=\"6767fe8\" data-element_type=\"column\">\n        <div class=\"elementor-widget-wrap elementor-element-populated\">\n                        \t\t<div class=\"elementor-element elementor-element-58195d9 elementor-widget elementor-widget-image\" data-id=\"58195d9\" data-element_type=\"widget\" data-widget_type=\"image.default\">\n\t\t\t\t<div class=\"elementor-widget-container\">\n\t\t\t\t\t\t\t\t\t\t\t\t\t\t\t\t<a href=\"https:\/\/www.vavdoor.com\/boxtwofold\/\">\n\t\t\t\t\t\t\t<img decoding=\"async\" width=\"768\" height=\"512\" src=\"https:\/\/vavdoor.com\/wp-content\/uploads\/2022\/08\/BoxTwoFold-1.jpg\" class=\"attachment-full size-full wp-image-6245\" alt=\"\" srcset=\"https:\/\/vavdoor.com\/wp-content\/uploads\/2022\/08\/BoxTwoFold-1.jpg 768w, https:\/\/vavdoor.com\/wp-content\/uploads\/2022\/08\/BoxTwoFold-1-300x200.jpg 300w\" sizes=\"(max-width: 768px) 100vw, 768px\" \/>\t\t\t\t\t\t\t\t<\/a>\n\t\t\t\t\t\t\t\t\t\t\t\t\t\t\t<\/div>\n\t\t\t\t<\/div>\n\t\t\t\t<div class=\"elementor-element elementor-element-51e9258 elementor-position-left elementor-view-default elementor-mobile-position-top elementor-vertical-align-top elementor-widget elementor-widget-icon-box\" data-id=\"51e9258\" data-element_type=\"widget\" data-widget_type=\"icon-box.default\">\n\t\t\t\t<div class=\"elementor-widget-container\">\n\t\t\t\t\t<div class=\"elementor-icon-box-wrapper\">\n\t\t\t\t\t\t<div class=\"elementor-icon-box-icon\">\n\t\t\t\t<a href=\"https:\/\/www.vavdoor.com\/boxtwofold\/\" class=\"elementor-icon elementor-animation-\" tabindex=\"-1\">\n\t\t\t\t<i aria-hidden=\"true\" class=\"fas fa-ellipsis-v\"><\/i>\t\t\t\t<\/a>\n\t\t\t<\/div>\n\t\t\t\t\t\t<div class=\"elementor-icon-box-content\">\n\t\t\t\t<h3 class=\"elementor-icon-box-title\">\n\t\t\t\t\t<a href=\"https:\/\/www.vavdoor.com\/boxtwofold\/\" >\n\t\t\t\t\t\tBOXTWOFOLD\t\t\t\t\t<\/a>\n\t\t\t\t<\/h3>\n\t\t\t\t\t\t\t\t\t<p class=\"elementor-icon-box-description\">\n\t\t\t\t\t\tBOXTWOFOLD \u00e7ift kat katlan\u0131r tip h\u0131zl\u0131 PVC kap\u0131, 900gr\/m\u00b2 PVC branda malzemesinden mamul, \u00e7ift kat PVC brandan\u0131n 4 ayr\u0131 noktadan montaj\u0131 yap\u0131lan  120x55 al\u00fcminyum ekstr\u00fczyon bar ile\t\t\t\t\t<\/p>\n\t\t\t\t\t\t\t<\/div>\n\t\t<\/div>\n\t\t\t\t<\/div>\n\t\t\t\t<\/div>\n\t\t        <\/div>\n        <\/div>\n                <div class=\"elementor-column elementor-col-33 elementor-top-column elementor-element elementor-element-b9622c1\" data-id=\"b9622c1\" data-element_type=\"column\">\n        <div class=\"elementor-widget-wrap elementor-element-populated\">\n                        \t\t<div class=\"elementor-element elementor-element-47dda08 elementor-widget elementor-widget-image\" data-id=\"47dda08\" data-element_type=\"widget\" data-widget_type=\"image.default\">\n\t\t\t\t<div class=\"elementor-widget-container\">\n\t\t\t\t\t\t\t\t\t\t\t\t\t\t\t\t<a href=\"https:\/\/www.vavdoor.com\/twofold\/\">\n\t\t\t\t\t\t\t<img decoding=\"async\" width=\"768\" height=\"512\" src=\"https:\/\/vavdoor.com\/wp-content\/uploads\/2022\/08\/TwoFold-1.jpg\" class=\"attachment-full size-full wp-image-6246\" alt=\"\" srcset=\"https:\/\/vavdoor.com\/wp-content\/uploads\/2022\/08\/TwoFold-1.jpg 768w, https:\/\/vavdoor.com\/wp-content\/uploads\/2022\/08\/TwoFold-1-300x200.jpg 300w\" sizes=\"(max-width: 768px) 100vw, 768px\" \/>\t\t\t\t\t\t\t\t<\/a>\n\t\t\t\t\t\t\t\t\t\t\t\t\t\t\t<\/div>\n\t\t\t\t<\/div>\n\t\t\t\t<div class=\"elementor-element elementor-element-fb435ea elementor-position-left elementor-view-default elementor-mobile-position-top elementor-vertical-align-top elementor-widget elementor-widget-icon-box\" data-id=\"fb435ea\" data-element_type=\"widget\" data-widget_type=\"icon-box.default\">\n\t\t\t\t<div class=\"elementor-widget-container\">\n\t\t\t\t\t<div class=\"elementor-icon-box-wrapper\">\n\t\t\t\t\t\t<div class=\"elementor-icon-box-icon\">\n\t\t\t\t<a href=\"https:\/\/www.vavdoor.com\/twofold\/\" class=\"elementor-icon elementor-animation-\" tabindex=\"-1\">\n\t\t\t\t<i aria-hidden=\"true\" class=\"fas fa-ellipsis-v\"><\/i>\t\t\t\t<\/a>\n\t\t\t<\/div>\n\t\t\t\t\t\t<div class=\"elementor-icon-box-content\">\n\t\t\t\t<h3 class=\"elementor-icon-box-title\">\n\t\t\t\t\t<a href=\"https:\/\/www.vavdoor.com\/twofold\/\" >\n\t\t\t\t\t\tTWOFOLD\t\t\t\t\t<\/a>\n\t\t\t\t<\/h3>\n\t\t\t\t\t\t\t\t\t<p class=\"elementor-icon-box-description\">\n\t\t\t\t\t\tTWOFOLD \u00e7ift kat katlan\u0131r tip h\u0131zl\u0131 PVC kap\u0131, 900gr\/m\u00b2 PVC branda malzemesinden mamul, \u00e7ift kat PVC brandan\u0131n 4 ayr\u0131 noktadan montaj\u0131 yap\u0131lan  120x55 al\u00fcminyum ekstr\u00fczyon bar ile \t\t\t\t\t<\/p>\n\t\t\t\t\t\t\t<\/div>\n\t\t<\/div>\n\t\t\t\t<\/div>\n\t\t\t\t<\/div>\n\t\t        <\/div>\n        <\/div>\n        \t\t        <\/div>\n        <\/section>\n\t\t\t\t\t\t\t<\/div>\n\t\t","protected":false},"excerpt":{"rendered":"<p>VAVDOOR | H\u0131zl\u0131 PVC Kap\u0131 Sistemleri Katlan\u0131r PVC Kap\u0131 Sistemleri SERFOLD SERFOLD katlan\u0131r tip h\u0131zl\u0131 PVC kap\u0131, 900gr\/m\u00b2 PVC branda malzemesinden mamul, tek kat PVC brandan\u0131n cepleri i\u00e7erisine \u00d827x2mm. \u00e7elik borularla g\u00fc\u00e7lendirilmi\u015f yap\u0131da BOXTWOFOLD BOXTWOFOLD \u00e7ift kat katlan\u0131r tip h\u0131zl\u0131 PVC kap\u0131, 900gr\/m\u00b2 PVC branda malzemesinden mamul, \u00e7ift kat PVC brandan\u0131n 4 ayr\u0131 noktadan montaj\u0131 [&hellip;]<\/p>\n","protected":false},"author":1,"featured_media":0,"parent":0,"menu_order":0,"comment_status":"closed","ping_status":"open","template":"","meta":{"_joinchat":[],"footnotes":""},"class_list":["post-6238","page","type-page","status-publish","hentry"],"_links":{"self":[{"href":"https:\/\/vavdoor.com\/en\/wp-json\/wp\/v2\/pages\/6238","targetHints":{"allow":["GET"]}}],"collection":[{"href":"https:\/\/vavdoor.com\/en\/wp-json\/wp\/v2\/pages"}],"about":[{"href":"https:\/\/vavdoor.com\/en\/wp-json\/wp\/v2\/types\/page"}],"author":[{"embeddable":true,"href":"https:\/\/vavdoor.com\/en\/wp-json\/wp\/v2\/users\/1"}],"replies":[{"embeddable":true,"href":"https:\/\/vavdoor.com\/en\/wp-json\/wp\/v2\/comments?post=6238"}],"version-history":[{"count":37,"href":"https:\/\/vavdoor.com\/en\/wp-json\/wp\/v2\/pages\/6238\/revisions"}],"predecessor-version":[{"id":8364,"href":"https:\/\/vavdoor.com\/en\/wp-json\/wp\/v2\/pages\/6238\/revisions\/8364"}],"wp:attachment":[{"href":"https:\/\/vavdoor.com\/en\/wp-json\/wp\/v2\/media?parent=6238"}],"curies":[{"name":"wp","href":"https:\/\/api.w.org\/{rel}","templated":true}]}}