{"id":4496,"date":"2020-04-04T08:16:58","date_gmt":"2020-04-04T05:16:58","guid":{"rendered":"https:\/\/demo.farost.net\/equita\/?page_id=4496"},"modified":"2022-08-23T15:00:15","modified_gmt":"2022-08-23T12:00:15","slug":"sertifikalar","status":"publish","type":"page","link":"https:\/\/vavdoor.com\/en\/sertifikalar\/","title":{"rendered":"Certificates"},"content":{"rendered":"\t\t<div data-elementor-type=\"wp-page\" data-elementor-id=\"4496\" class=\"elementor elementor-4496\">\n\t\t\t\t\t\t\t        <section class=\"elementor-section elementor-top-section elementor-element elementor-element-43db164a elementor-section-stretched elementor-section-boxed elementor-section-height-default elementor-section-height-default\" data-id=\"43db164a\" data-element_type=\"section\" data-settings=\"{&quot;stretch_section&quot;:&quot;section-stretched&quot;,&quot;background_background&quot;:&quot;classic&quot;}\">\n\t\t            <div class=\"elementor-background-overlay\"><\/div>\n\t\t\n\t\t        <div class=\"elementor-container elementor-column-gap-default \" >\n\t\t        <div class=\"elementor-column elementor-col-100 elementor-top-column elementor-element elementor-element-33dd2da9\" data-id=\"33dd2da9\" data-element_type=\"column\">\n        <div class=\"elementor-widget-wrap elementor-element-populated\">\n                        \t\t<div class=\"elementor-element elementor-element-789d0a7 elementor-widget elementor-widget-cms_heading\" data-id=\"789d0a7\" data-element_type=\"widget\" data-widget_type=\"cms_heading.default\">\n\t\t\t\t<div class=\"elementor-widget-container\">\n\t\t\t<div class=\"cms-heading-wrapper cms-heading-layout1\">\r\n            <div class=\"custom-subheading\">Geli\u015fen ve yenilenen t\u00fcm teknolojileri takip ediyoruz.<\/div>\r\n    \r\n            <h2 class=\"custom-heading\">\r\n            <span >Belgelerimiz ve <br> Sertifikalar\u0131m\u0131z<\/span>\r\n        <\/h2>\r\n        \r\n    <\/div>\t\t<\/div>\n\t\t\t\t<\/div>\n\t\t        <\/div>\n        <\/div>\n        \t\t        <\/div>\n        <\/section>\n\t\t        <section class=\"elementor-section elementor-top-section elementor-element elementor-element-15ebed4 elementor-section-boxed elementor-section-height-default elementor-section-height-default\" data-id=\"15ebed4\" data-element_type=\"section\">\n\t\t\n\t\t        <div class=\"elementor-container elementor-column-gap-default \" >\n\t\t        <div class=\"elementor-column elementor-col-100 elementor-top-column elementor-element elementor-element-c5f6f7e\" data-id=\"c5f6f7e\" data-element_type=\"column\">\n        <div class=\"elementor-widget-wrap elementor-element-populated\">\n                        \t\t<div class=\"elementor-element elementor-element-3dfbf9d elementor-widget elementor-widget-cms_heading\" data-id=\"3dfbf9d\" data-element_type=\"widget\" data-widget_type=\"cms_heading.default\">\n\t\t\t\t<div class=\"elementor-widget-container\">\n\t\t\t<div class=\"cms-heading-wrapper cms-heading-layout1\">\r\n            <div class=\"custom-subheading\">G\u00fcvenli ve G\u00fcvenilir \u00c7\u00f6z\u00fcmler!<\/div>\r\n    \r\n            <h2 class=\"custom-heading\">\r\n            <span >Kalite Sertifikalar\u0131m\u0131z<\/span>\r\n        <\/h2>\r\n        \r\n    <\/div>\t\t<\/div>\n\t\t\t\t<\/div>\n\t\t        <\/div>\n        <\/div>\n        \t\t        <\/div>\n        <\/section>\n\t\t        <section class=\"elementor-section elementor-top-section elementor-element elementor-element-90b4415 elementor-section-boxed elementor-section-height-default elementor-section-height-default\" data-id=\"90b4415\" data-element_type=\"section\">\n\t\t\n\t\t        <div class=\"elementor-container elementor-column-gap-extended \" >\n\t\t        <div class=\"elementor-column elementor-col-33 elementor-top-column elementor-element elementor-element-c1ab7e7\" data-id=\"c1ab7e7\" data-element_type=\"column\">\n        <div class=\"elementor-widget-wrap elementor-element-populated\">\n                        \t\t<div class=\"elementor-element elementor-element-100e65a elementor-widget elementor-widget-image\" data-id=\"100e65a\" data-element_type=\"widget\" data-widget_type=\"image.default\">\n\t\t\t\t<div class=\"elementor-widget-container\">\n\t\t\t<style>\/*! elementor - v3.18.0 - 04-12-2023 *\/\n.elementor-widget-image{text-align:center}.elementor-widget-image a{display:inline-block}.elementor-widget-image a img[src$=\".svg\"]{width:48px}.elementor-widget-image img{vertical-align:middle;display:inline-block}<\/style>\t\t\t\t\t\t\t\t\t\t\t\t<img fetchpriority=\"high\" decoding=\"async\" width=\"640\" height=\"896\" src=\"https:\/\/vavdoor.com\/wp-content\/uploads\/2022\/08\/ISO9001.jpg\" class=\"attachment-large size-large wp-image-6047\" alt=\"\" srcset=\"https:\/\/vavdoor.com\/wp-content\/uploads\/2022\/08\/ISO9001.jpg 714w, https:\/\/vavdoor.com\/wp-content\/uploads\/2022\/08\/ISO9001-214x300.jpg 214w\" sizes=\"(max-width: 640px) 100vw, 640px\" \/>\t\t\t\t\t\t\t\t\t\t\t\t\t\t\t<\/div>\n\t\t\t\t<\/div>\n\t\t\t\t<div class=\"elementor-element elementor-element-52310d9 elementor-widget elementor-widget-cms_heading\" data-id=\"52310d9\" data-element_type=\"widget\" data-widget_type=\"cms_heading.default\">\n\t\t\t\t<div class=\"elementor-widget-container\">\n\t\t\t<div class=\"cms-heading-wrapper cms-heading-layout1\">\r\n            <div class=\"custom-subheading\">KING CERT<\/div>\r\n    \r\n            <h4 class=\"custom-heading\">\r\n            <span >ISO 9001 Kalite Sertifikas\u0131\n<\/span>\r\n        <\/h4>\r\n        \r\n    <\/div>\t\t<\/div>\n\t\t\t\t<\/div>\n\t\t        <\/div>\n        <\/div>\n                <div class=\"elementor-column elementor-col-33 elementor-top-column elementor-element elementor-element-6767fe8\" data-id=\"6767fe8\" data-element_type=\"column\">\n        <div class=\"elementor-widget-wrap elementor-element-populated\">\n                        \t\t<div class=\"elementor-element elementor-element-58195d9 elementor-widget elementor-widget-image\" data-id=\"58195d9\" data-element_type=\"widget\" data-widget_type=\"image.default\">\n\t\t\t\t<div class=\"elementor-widget-container\">\n\t\t\t\t\t\t\t\t\t\t\t\t\t\t\t<img decoding=\"async\" width=\"714\" height=\"1000\" src=\"https:\/\/vavdoor.com\/wp-content\/uploads\/2022\/08\/CE-Deklarasyon-1322.jpg\" class=\"attachment-full size-full wp-image-6043\" alt=\"\" srcset=\"https:\/\/vavdoor.com\/wp-content\/uploads\/2022\/08\/CE-Deklarasyon-1322.jpg 714w, https:\/\/vavdoor.com\/wp-content\/uploads\/2022\/08\/CE-Deklarasyon-1322-214x300.jpg 214w\" sizes=\"(max-width: 714px) 100vw, 714px\" \/>\t\t\t\t\t\t\t\t\t\t\t\t\t\t\t<\/div>\n\t\t\t\t<\/div>\n\t\t\t\t<div class=\"elementor-element elementor-element-bfc1966 elementor-widget elementor-widget-cms_heading\" data-id=\"bfc1966\" data-element_type=\"widget\" data-widget_type=\"cms_heading.default\">\n\t\t\t\t<div class=\"elementor-widget-container\">\n\t\t\t<div class=\"cms-heading-wrapper cms-heading-layout1\">\r\n            <div class=\"custom-subheading\">CE UYGUNLUK DEKLARASYONU<\/div>\r\n    \r\n            <h4 class=\"custom-heading\">\r\n            <span >CE Sertifikas\u0131<\/span>\r\n        <\/h4>\r\n        \r\n    <\/div>\t\t<\/div>\n\t\t\t\t<\/div>\n\t\t        <\/div>\n        <\/div>\n                <div class=\"elementor-column elementor-col-33 elementor-top-column elementor-element elementor-element-b9622c1\" data-id=\"b9622c1\" data-element_type=\"column\">\n        <div class=\"elementor-widget-wrap elementor-element-populated\">\n                        \t\t<div class=\"elementor-element elementor-element-47dda08 elementor-widget elementor-widget-image\" data-id=\"47dda08\" data-element_type=\"widget\" data-widget_type=\"image.default\">\n\t\t\t\t<div class=\"elementor-widget-container\">\n\t\t\t\t\t\t\t\t\t\t\t\t\t\t\t<img decoding=\"async\" width=\"714\" height=\"1000\" src=\"https:\/\/vavdoor.com\/wp-content\/uploads\/2022\/08\/CE-1322.jpg\" class=\"attachment-full size-full wp-image-6042\" alt=\"\" srcset=\"https:\/\/vavdoor.com\/wp-content\/uploads\/2022\/08\/CE-1322.jpg 714w, https:\/\/vavdoor.com\/wp-content\/uploads\/2022\/08\/CE-1322-214x300.jpg 214w\" sizes=\"(max-width: 714px) 100vw, 714px\" \/>\t\t\t\t\t\t\t\t\t\t\t\t\t\t\t<\/div>\n\t\t\t\t<\/div>\n\t\t\t\t<div class=\"elementor-element elementor-element-e358532 elementor-widget elementor-widget-cms_heading\" data-id=\"e358532\" data-element_type=\"widget\" data-widget_type=\"cms_heading.default\">\n\t\t\t\t<div class=\"elementor-widget-container\">\n\t\t\t<div class=\"cms-heading-wrapper cms-heading-layout1\">\r\n            <div class=\"custom-subheading\">PTC - CE CERTIFICATE<\/div>\r\n    \r\n            <h4 class=\"custom-heading\">\r\n            <span >PTC - CE Test Sertifikas\u0131<\/span>\r\n        <\/h4>\r\n        \r\n    <\/div>\t\t<\/div>\n\t\t\t\t<\/div>\n\t\t        <\/div>\n        <\/div>\n        \t\t        <\/div>\n        <\/section>\n\t\t\t\t\t\t\t<\/div>\n\t\t","protected":false},"excerpt":{"rendered":"<p>Geli\u015fen ve yenilenen t\u00fcm teknolojileri takip ediyoruz. Belgelerimiz ve Sertifikalar\u0131m\u0131z G\u00fcvenli ve G\u00fcvenilir \u00c7\u00f6z\u00fcmler! Kalite Sertifikalar\u0131m\u0131z KING CERT ISO 9001 Kalite Sertifikas\u0131 CE UYGUNLUK DEKLARASYONU CE Sertifikas\u0131 PTC &#8211; CE CERTIFICATE PTC &#8211; CE Test Sertifikas\u0131<\/p>","protected":false},"author":1,"featured_media":0,"parent":0,"menu_order":0,"comment_status":"closed","ping_status":"closed","template":"","meta":{"_joinchat":[],"footnotes":""},"class_list":["post-4496","page","type-page","status-publish","hentry"],"_links":{"self":[{"href":"https:\/\/vavdoor.com\/en\/wp-json\/wp\/v2\/pages\/4496","targetHints":{"allow":["GET"]}}],"collection":[{"href":"https:\/\/vavdoor.com\/en\/wp-json\/wp\/v2\/pages"}],"about":[{"href":"https:\/\/vavdoor.com\/en\/wp-json\/wp\/v2\/types\/page"}],"author":[{"embeddable":true,"href":"https:\/\/vavdoor.com\/en\/wp-json\/wp\/v2\/users\/1"}],"replies":[{"embeddable":true,"href":"https:\/\/vavdoor.com\/en\/wp-json\/wp\/v2\/comments?post=4496"}],"version-history":[{"count":10,"href":"https:\/\/vavdoor.com\/en\/wp-json\/wp\/v2\/pages\/4496\/revisions"}],"predecessor-version":[{"id":6379,"href":"https:\/\/vavdoor.com\/en\/wp-json\/wp\/v2\/pages\/4496\/revisions\/6379"}],"wp:attachment":[{"href":"https:\/\/vavdoor.com\/en\/wp-json\/wp\/v2\/media?parent=4496"}],"curies":[{"name":"wp","href":"https:\/\/api.w.org\/{rel}","templated":true}]}}