{"id":40,"date":"2019-08-29T04:09:18","date_gmt":"2019-08-29T01:09:18","guid":{"rendered":"https:\/\/demo.cmssuperheroes.com\/themeforest\/koira\/?page_id=40"},"modified":"2022-09-12T11:47:41","modified_gmt":"2022-09-12T08:47:41","slug":"sartnameler","status":"publish","type":"page","link":"https:\/\/vavdoor.com\/en\/sartnameler\/","title":{"rendered":"Specifications"},"content":{"rendered":"<div data-elementor-type=\"wp-page\" data-elementor-id=\"40\" class=\"elementor elementor-40\">\n\t\t\t\t\t\t\t        <section class=\"elementor-section elementor-top-section elementor-element elementor-element-4162060c elementor-section-stretched elementor-section-boxed elementor-section-height-default elementor-section-height-default\" data-id=\"4162060c\" data-element_type=\"section\" data-settings=\"{&quot;stretch_section&quot;:&quot;section-stretched&quot;,&quot;background_background&quot;:&quot;classic&quot;}\">\n\t\t            <div class=\"elementor-background-overlay\"><\/div>\n\t\t\n\t\t        <div class=\"elementor-container elementor-column-gap-default\" >\n\t\t        <div class=\"elementor-column elementor-col-100 elementor-top-column elementor-element elementor-element-88fa0db\" data-id=\"88fa0db\" data-element_type=\"column\">\n        <div class=\"elementor-widget-wrap\">\n                                <\/div>\n        <\/div>\n        \t\t        <\/div>\n        <\/section>\n\t\t        <section class=\"elementor-section elementor-top-section elementor-element elementor-element-c6f5507 hidden-1300 elementor-section-boxed elementor-section-height-default elementor-section-height-default\" data-id=\"c6f5507\" data-element_type=\"section\">\n\t\t\n\t\t        <div class=\"elementor-container elementor-column-gap-extended\" >\n\t\t        <div class=\"elementor-column elementor-col-100 elementor-top-column elementor-element elementor-element-5c9f16b\" data-id=\"5c9f16b\" data-element_type=\"column\">\n        <div class=\"elementor-widget-wrap elementor-element-populated\">\n                        \t\t<div class=\"elementor-element elementor-element-23e32559 elementor-widget elementor-widget-cms_heading\" data-id=\"23e32559\" data-element_type=\"widget\" data-widget_type=\"cms_heading.default\">\n\t\t\t\t<div class=\"elementor-widget-container\">\n\t\t\t<div class=\"cms-heading-wrapper cms-heading-layout1\">\r\n            <div class=\"custom-subheading\">VAV DOOR | High-Speed Tarpaulin Door Systems<\/div>\r\n    \r\n            <h2 class=\"custom-heading\">\r\n            <span >Key Document of the Procurement Process: <br>Technical Specifications<\/span>\r\n        <\/h2>\r\n        \r\n    <\/div>\t\t<\/div>\n\t\t\t\t<\/div>\n\t\t\t\t<div class=\"elementor-element elementor-element-c9915b1 elementor-widget elementor-widget-cms_career_carousel\" data-id=\"c9915b1\" data-element_type=\"widget\" data-widget_type=\"cms_career_carousel.default\">\n\t\t\t\t<div class=\"elementor-widget-container\">\n\t\t\t    <div class=\"cms-career-carousel1 cms-slick-slider\">\r\n        <div class=\"cms-carousel-inner\">\r\n            <div class=\"cms-slick-carousel\" data-arrows=\"false\" data-dots=\"\" data-pauseonhover=\"false\" data-autoplay=\"\" data-autoplayspeed=\"5000\" data-infinite=\"true\" data-speed=\"500\" data-slidestoshow=\"3\" data-slidestoshowtablet=\"2\" data-slidestoshowmobile=\"1\" data-slidestoscroll=\"3\" data-slidestoscrolltablet=\"2\" data-slidestoscrollmobile=\"1\">\r\n                                        <div class=\"slick-slide\">\r\n                            <div class=\"career-inner\">\r\n                                <div class=\"career-meta\">\r\n                                    <span class=\"career-time\"><\/span>\r\n                                    <span class=\"career-address\"><\/span>\r\n                                <\/div>\r\n                                <h3 class=\"career-title\">ALUEXROLL SPIRAL TYPE PROCUREMENT SPECIFICATIONS<\/h3>\r\n                                <div class=\"career-desc\"><\/div>\r\n                                <div class=\"career-readmore\">\r\n                                    <a class=\"btn-more\" href=\"https:\/\/www.vavdoor.com\/dokumanlar\/ALUEXROLL-SARMAL-TIP-SATINALMA-SARTNAMESI.pdf\" target=\"_blank\"><i class=\"fac fac-arrow-right space-right\"><\/i>Read the specifications.<\/a>\r\n                                <\/div>\r\n                            <\/div>\r\n                        <\/div>\r\n                                        <div class=\"slick-slide\">\r\n                            <div class=\"career-inner\">\r\n                                <div class=\"career-meta\">\r\n                                    <span class=\"career-time\"><\/span>\r\n                                    <span class=\"career-address\"><\/span>\r\n                                <\/div>\r\n                                <h3 class=\"career-title\">ALUROLL SPIRAL TYPE PROCUREMENT SPECIFICATIONS <\/h3>\r\n                                <div class=\"career-desc\"><\/div>\r\n                                <div class=\"career-readmore\">\r\n                                    <a class=\"btn-more\" href=\"https:\/\/www.vavdoor.com\/dokumanlar\/ALUROLL-SARMAL-TIP-SATINALMA-SARTNAMESI.pdf\" target=\"_blank\"><i class=\"fac fac-arrow-right space-right\"><\/i>Read the specifications.<\/a>\r\n                                <\/div>\r\n                            <\/div>\r\n                        <\/div>\r\n                                        <div class=\"slick-slide\">\r\n                            <div class=\"career-inner\">\r\n                                <div class=\"career-meta\">\r\n                                    <span class=\"career-time\"><\/span>\r\n                                    <span class=\"career-address\"><\/span>\r\n                                <\/div>\r\n                                <h3 class=\"career-title\">TUBEROLL SPIRAL TYPE PROCUREMENT SPECIFICATIONS <\/h3>\r\n                                <div class=\"career-desc\"><\/div>\r\n                                <div class=\"career-readmore\">\r\n                                    <a class=\"btn-more\" href=\"https:\/\/www.vavdoor.com\/dokumanlar\/TUBEROLL-SARMAL-TIP-SATINALMA-SARTNAMESI.pdf\" target=\"_blank\"><i class=\"fac fac-arrow-right space-right\"><\/i>Read the specifications.<\/a>\r\n                                <\/div>\r\n                            <\/div>\r\n                        <\/div>\r\n                            <\/div>\r\n        <\/div>\r\n    <\/div>\r\n\t\t<\/div>\n\t\t\t\t<\/div>\n\t\t\t\t<div class=\"elementor-element elementor-element-7ca2ba0 elementor-widget elementor-widget-cms_career_carousel\" data-id=\"7ca2ba0\" data-element_type=\"widget\" data-widget_type=\"cms_career_carousel.default\">\n\t\t\t\t<div class=\"elementor-widget-container\">\n\t\t\t    <div class=\"cms-career-carousel1 cms-slick-slider\">\r\n        <div class=\"cms-carousel-inner\">\r\n            <div class=\"cms-slick-carousel\" data-arrows=\"false\" data-dots=\"\" data-pauseonhover=\"false\" data-autoplay=\"\" data-autoplayspeed=\"5000\" data-infinite=\"true\" data-speed=\"500\" data-slidestoshow=\"3\" data-slidestoshowtablet=\"2\" data-slidestoshowmobile=\"1\" data-slidestoscroll=\"3\" data-slidestoscrolltablet=\"2\" data-slidestoscrollmobile=\"1\">\r\n                                        <div class=\"slick-slide\">\r\n                            <div class=\"career-inner\">\r\n                                <div class=\"career-meta\">\r\n                                    <span class=\"career-time\"><\/span>\r\n                                    <span class=\"career-address\"><\/span>\r\n                                <\/div>\r\n                                <h3 class=\"career-title\">COLDROLL SPIRAL TYPE POLYURETHANE FILLED PROCUREMENT SPECIFICATIONS <\/h3>\r\n                                <div class=\"career-desc\"><\/div>\r\n                                <div class=\"career-readmore\">\r\n                                    <a class=\"btn-more\" href=\"https:\/\/www.vavdoor.com\/dokumanlar\/COLDROLL-SARMAL-TIP-POLIURETAN-DOLGULU-SATINALMA-SARTNAMESI.pdf\" target=\"_blank\"><i class=\"fac fac-arrow-right space-right\"><\/i>Read the specifications.<\/a>\r\n                                <\/div>\r\n                            <\/div>\r\n                        <\/div>\r\n                                        <div class=\"slick-slide\">\r\n                            <div class=\"career-inner\">\r\n                                <div class=\"career-meta\">\r\n                                    <span class=\"career-time\"><\/span>\r\n                                    <span class=\"career-address\"><\/span>\r\n                                <\/div>\r\n                                <h3 class=\"career-title\">FRIGOROLL SPIRAL TYPE POLYURETHANE FILLED PROCUREMENT SPECIFICATIONS <\/h3>\r\n                                <div class=\"career-desc\"><\/div>\r\n                                <div class=\"career-readmore\">\r\n                                    <a class=\"btn-more\" href=\"https:\/\/www.vavdoor.com\/dokumanlar\/FRIGOROLL-SARMAL-TIP-POLIURETAN-DOLGULU-SATINALMA-SARTNAMESI.pdf\" target=\"_blank\"><i class=\"fac fac-arrow-right space-right\"><\/i>Read the specifications.<\/a>\r\n                                <\/div>\r\n                            <\/div>\r\n                        <\/div>\r\n                                        <div class=\"slick-slide\">\r\n                            <div class=\"career-inner\">\r\n                                <div class=\"career-meta\">\r\n                                    <span class=\"career-time\"><\/span>\r\n                                    <span class=\"career-address\"><\/span>\r\n                                <\/div>\r\n                                <h3 class=\"career-title\">QUICKROLL SPIRAL TYPE STEEL POLYURETHANE LAMELLE PROCUREMENT SPECIFICATIONS <\/h3>\r\n                                <div class=\"career-desc\"><\/div>\r\n                                <div class=\"career-readmore\">\r\n                                    <a class=\"btn-more\" href=\"https:\/\/www.vavdoor.com\/dokumanlar\/QUICKROLL-SARMAL-TIP-CELIK-POLIURETAN-LAMELLI-SATINALMA-SARTNAMESI.pdf\" target=\"_blank\"><i class=\"fac fac-arrow-right space-right\"><\/i>Read the specifications.<\/a>\r\n                                <\/div>\r\n                            <\/div>\r\n                        <\/div>\r\n                            <\/div>\r\n        <\/div>\r\n    <\/div>\r\n\t\t<\/div>\n\t\t\t\t<\/div>\n\t\t\t\t<div class=\"elementor-element elementor-element-fb0dad3 elementor-widget elementor-widget-cms_career_carousel\" data-id=\"fb0dad3\" data-element_type=\"widget\" data-widget_type=\"cms_career_carousel.default\">\n\t\t\t\t<div class=\"elementor-widget-container\">\n\t\t\t    <div class=\"cms-career-carousel1 cms-slick-slider\">\r\n        <div class=\"cms-carousel-inner\">\r\n            <div class=\"cms-slick-carousel\" data-arrows=\"false\" data-dots=\"\" data-pauseonhover=\"false\" data-autoplay=\"\" data-autoplayspeed=\"5000\" data-infinite=\"true\" data-speed=\"500\" data-slidestoshow=\"3\" data-slidestoshowtablet=\"2\" data-slidestoshowmobile=\"1\" data-slidestoscroll=\"3\" data-slidestoscrolltablet=\"2\" data-slidestoscrollmobile=\"1\">\r\n                                        <div class=\"slick-slide\">\r\n                            <div class=\"career-inner\">\r\n                                <div class=\"career-meta\">\r\n                                    <span class=\"career-time\"><\/span>\r\n                                    <span class=\"career-address\"><\/span>\r\n                                <\/div>\r\n                                <h3 class=\"career-title\">SIMPLEROLL SPIRAL TYPE PROCUREMENT SPECIFICATIONS<\/h3>\r\n                                <div class=\"career-desc\"><\/div>\r\n                                <div class=\"career-readmore\">\r\n                                    <a class=\"btn-more\" href=\"https:\/\/www.vavdoor.com\/dokumanlar\/SIMPLEROLL-SARMAL-TIP-SATINALMA-SARTNAMESI.pdf\" target=\"_blank\"><i class=\"fac fac-arrow-right space-right\"><\/i>Read the specifications.<\/a>\r\n                                <\/div>\r\n                            <\/div>\r\n                        <\/div>\r\n                                        <div class=\"slick-slide\">\r\n                            <div class=\"career-inner\">\r\n                                <div class=\"career-meta\">\r\n                                    <span class=\"career-time\"><\/span>\r\n                                    <span class=\"career-address\"><\/span>\r\n                                <\/div>\r\n                                <h3 class=\"career-title\">STAINLESS ROLL SPIRAL TYPE PROCUREMENT SPECIFICATIONS <\/h3>\r\n                                <div class=\"career-desc\"><\/div>\r\n                                <div class=\"career-readmore\">\r\n                                    <a class=\"btn-more\" href=\"https:\/\/www.vavdoor.com\/dokumanlar\/STAINLESSROLL-SARMAL-TIP-SATINALMA-SARTNAMESI.pdf\" target=\"_blank\"><i class=\"fac fac-arrow-right space-right\"><\/i>Read the specifications.<\/a>\r\n                                <\/div>\r\n                            <\/div>\r\n                        <\/div>\r\n                            <\/div>\r\n        <\/div>\r\n    <\/div>\r\n\t\t<\/div>\n\t\t\t\t<\/div>\n\t\t\t\t<div class=\"elementor-element elementor-element-00c9da5 elementor-widget elementor-widget-cms_career_carousel\" data-id=\"00c9da5\" data-element_type=\"widget\" data-widget_type=\"cms_career_carousel.default\">\n\t\t\t\t<div class=\"elementor-widget-container\">\n\t\t\t    <div class=\"cms-career-carousel1 cms-slick-slider\">\r\n        <div class=\"cms-carousel-inner\">\r\n            <div class=\"cms-slick-carousel\" data-arrows=\"false\" data-dots=\"\" data-pauseonhover=\"false\" data-autoplay=\"\" data-autoplayspeed=\"5000\" data-infinite=\"true\" data-speed=\"500\" data-slidestoshow=\"3\" data-slidestoshowtablet=\"2\" data-slidestoshowmobile=\"1\" data-slidestoscroll=\"3\" data-slidestoscrolltablet=\"2\" data-slidestoscrollmobile=\"1\">\r\n                                        <div class=\"slick-slide\">\r\n                            <div class=\"career-inner\">\r\n                                <div class=\"career-meta\">\r\n                                    <span class=\"career-time\"><\/span>\r\n                                    <span class=\"career-address\"><\/span>\r\n                                <\/div>\r\n                                <h3 class=\"career-title\">BOXTWOFOLD DOUBLE-LAYER FOLDABLE PURCHASE SPECIFICATIONS <\/h3>\r\n                                <div class=\"career-desc\"><\/div>\r\n                                <div class=\"career-readmore\">\r\n                                    <a class=\"btn-more\" href=\"https:\/\/www.vavdoor.com\/dokumanlar\/BOXTWOFOLD-CIFT-KAT-KATLANIR-SATINALMA-SARTNAMESI.pdf\" target=\"_blank\"><i class=\"fac fac-arrow-right space-right\"><\/i>Read the specifications.<\/a>\r\n                                <\/div>\r\n                            <\/div>\r\n                        <\/div>\r\n                                        <div class=\"slick-slide\">\r\n                            <div class=\"career-inner\">\r\n                                <div class=\"career-meta\">\r\n                                    <span class=\"career-time\"><\/span>\r\n                                    <span class=\"career-address\"><\/span>\r\n                                <\/div>\r\n                                <h3 class=\"career-title\">TWOFOLD DOUBLE-LAYER FOLDABLE TYPE PROCUREMENT SPECIFICATIONS<\/h3>\r\n                                <div class=\"career-desc\"><\/div>\r\n                                <div class=\"career-readmore\">\r\n                                    <a class=\"btn-more\" href=\"https:\/\/www.vavdoor.com\/dokumanlar\/TWOFOLD-CIFT-KAT-KATLANIR-TIP-SATINALMA-SARTNAMESI.pdf\" target=\"_blank\"><i class=\"fac fac-arrow-right space-right\"><\/i>Read the specifications.<\/a>\r\n                                <\/div>\r\n                            <\/div>\r\n                        <\/div>\r\n                                        <div class=\"slick-slide\">\r\n                            <div class=\"career-inner\">\r\n                                <div class=\"career-meta\">\r\n                                    <span class=\"career-time\"><\/span>\r\n                                    <span class=\"career-address\"><\/span>\r\n                                <\/div>\r\n                                <h3 class=\"career-title\">SERFOLD FOLDABLE TYPE PROCUREMENT SPECIFICATIONS<\/h3>\r\n                                <div class=\"career-desc\"><\/div>\r\n                                <div class=\"career-readmore\">\r\n                                    <a class=\"btn-more\" href=\"https:\/\/www.vavdoor.com\/dokumanlar\/SERFOLD-KATLANIR-TIP-SATINALMA-SARTNAMESI.pdf\" target=\"_blank\"><i class=\"fac fac-arrow-right space-right\"><\/i>Read the specifications.<\/a>\r\n                                <\/div>\r\n                            <\/div>\r\n                        <\/div>\r\n                            <\/div>\r\n        <\/div>\r\n    <\/div>\r\n\t\t<\/div>\n\t\t\t\t<\/div>\n\t\t        <\/div>\n        <\/div>\n        \t\t        <\/div>\n        <\/section>\n\t\t\t\t\t\t\t<\/div>","protected":false},"excerpt":{"rendered":"<p>VAV DOOR | Y\u00fcksek H\u0131zl\u0131 Branda Kap\u0131 Sistemleri Sat\u0131nalma S\u00fcrecinin Anahtar Dok\u00fcman\u0131: Teknik \u015eartnameler ALUEXROLL SARMAL T\u0130P SATINALMA \u015eARTNAMES\u0130 \u015eartnameyi Oku ALUROLL SARMAL T\u0130P SATINALMA \u015eARTNAMES\u0130 \u015eartnameyi Oku TUBEROLL SARMAL T\u0130P SATINALMA \u015eARTNAMES\u0130 \u015eartnameyi Oku COLDROLL SARMAL T\u0130P POLIURETAN DOLGULU SATINALMA \u015eARTNAMES\u0130 \u015eartnameyi Oku FRIGOROLL SARMAL T\u0130P POLIURETAN DOLGULU SATINALMA \u015eARTNAMES\u0130 \u015eartnameyi Oku QUICKROLL SARMAL [&hellip;]<\/p>\n","protected":false},"author":1,"featured_media":0,"parent":0,"menu_order":0,"comment_status":"closed","ping_status":"closed","template":"","meta":{"_joinchat":[],"footnotes":""},"class_list":["post-40","page","type-page","status-publish","hentry"],"_links":{"self":[{"href":"https:\/\/vavdoor.com\/en\/wp-json\/wp\/v2\/pages\/40","targetHints":{"allow":["GET"]}}],"collection":[{"href":"https:\/\/vavdoor.com\/en\/wp-json\/wp\/v2\/pages"}],"about":[{"href":"https:\/\/vavdoor.com\/en\/wp-json\/wp\/v2\/types\/page"}],"author":[{"embeddable":true,"href":"https:\/\/vavdoor.com\/en\/wp-json\/wp\/v2\/users\/1"}],"replies":[{"embeddable":true,"href":"https:\/\/vavdoor.com\/en\/wp-json\/wp\/v2\/comments?post=40"}],"version-history":[{"count":42,"href":"https:\/\/vavdoor.com\/en\/wp-json\/wp\/v2\/pages\/40\/revisions"}],"predecessor-version":[{"id":7658,"href":"https:\/\/vavdoor.com\/en\/wp-json\/wp\/v2\/pages\/40\/revisions\/7658"}],"wp:attachment":[{"href":"https:\/\/vavdoor.com\/en\/wp-json\/wp\/v2\/media?parent=40"}],"curies":[{"name":"wp","href":"https:\/\/api.w.org\/{rel}","templated":true}]}}