{"id":3804,"date":"2020-03-30T08:45:08","date_gmt":"2020-03-30T05:45:08","guid":{"rendered":"https:\/\/demo.farost.net\/equita\/?page_id=3804"},"modified":"2022-10-26T14:55:37","modified_gmt":"2022-10-26T11:55:37","slug":"urunlerimiz","status":"publish","type":"page","link":"https:\/\/vavdoor.com\/en\/urunlerimiz\/","title":{"rendered":"Our products"},"content":{"rendered":"\t\t<div data-elementor-type=\"wp-page\" data-elementor-id=\"3804\" class=\"elementor elementor-3804\">\n\t\t\t\t\t\t\t        <section class=\"elementor-section elementor-top-section elementor-element elementor-element-613ad955 elementor-section-stretched elementor-section-boxed elementor-section-height-default elementor-section-height-default\" data-id=\"613ad955\" data-element_type=\"section\" data-settings=\"{&quot;stretch_section&quot;:&quot;section-stretched&quot;,&quot;background_background&quot;:&quot;classic&quot;}\">\n\t\t            <div class=\"elementor-background-overlay\"><\/div>\n\t\t\n\t\t        <div class=\"elementor-container elementor-column-gap-default \" >\n\t\t        <div class=\"elementor-column elementor-col-100 elementor-top-column elementor-element elementor-element-356ae528\" data-id=\"356ae528\" data-element_type=\"column\">\n        <div class=\"elementor-widget-wrap\">\n                                <\/div>\n        <\/div>\n        \t\t        <\/div>\n        <\/section>\n\t\t        <section class=\"elementor-section elementor-top-section elementor-element elementor-element-1fcb51f7 elementor-section-boxed elementor-section-height-default elementor-section-height-default\" data-id=\"1fcb51f7\" data-element_type=\"section\">\n\t\t\n\t\t        <div class=\"elementor-container elementor-column-gap-extended \" >\n\t\t        <div class=\"elementor-column elementor-col-33 elementor-top-column elementor-element elementor-element-576f6aa9\" data-id=\"576f6aa9\" data-element_type=\"column\">\n        <div class=\"elementor-widget-wrap elementor-element-populated\">\n                        \t\t<div class=\"elementor-element elementor-element-432928c9 elementor-widget elementor-widget-cms_navigation_menu\" data-id=\"432928c9\" data-element_type=\"widget\" data-widget_type=\"cms_navigation_menu.default\">\n\t\t\t\t<div class=\"elementor-widget-container\">\n\t\t\t    <div class=\"cms-navigation-menu1 e-sidebar-widget\">\r\n                    <h3 class=\"widget-title\">\u00dcr\u00fcnlerimiz<\/h3>\r\n                <div class=\"menu-urunlerimiz-container\"><ul id=\"menu-urunlerimiz\" class=\"menu\"><li id=\"menu-item-6543\" class=\"menu-item menu-item-type-post_type menu-item-object-page menu-item-6543\"><a href=\"https:\/\/vavdoor.com\/en\/serfold\/\">SERFOLD<\/a><\/li>\n<li id=\"menu-item-6542\" class=\"menu-item menu-item-type-post_type menu-item-object-page menu-item-6542\"><a href=\"https:\/\/vavdoor.com\/en\/boxtwofold\/\">BOXTWOFOLD<\/a><\/li>\n<li id=\"menu-item-6541\" class=\"menu-item menu-item-type-post_type menu-item-object-page menu-item-6541\"><a href=\"https:\/\/vavdoor.com\/en\/twofold\/\">TWOFOLD<\/a><\/li>\n<li id=\"menu-item-6366\" class=\"menu-item menu-item-type-post_type menu-item-object-page menu-item-6366\"><a href=\"https:\/\/vavdoor.com\/en\/simpleroll\/\">SIMPLEROLL<\/a><\/li>\n<li id=\"menu-item-6540\" class=\"menu-item menu-item-type-post_type menu-item-object-page menu-item-6540\"><a href=\"https:\/\/vavdoor.com\/en\/simplexroll\/\">SIMPLEXROLL<\/a><\/li>\n<li id=\"menu-item-6809\" class=\"menu-item menu-item-type-post_type menu-item-object-page menu-item-6809\"><a href=\"https:\/\/vavdoor.com\/en\/aluexroll\/\">ALUEXROLL<\/a><\/li>\n<li id=\"menu-item-6544\" class=\"menu-item menu-item-type-post_type menu-item-object-page menu-item-6544\"><a href=\"https:\/\/vavdoor.com\/en\/frigoroll\/\">FRIGOROLL<\/a><\/li>\n<li id=\"menu-item-6807\" class=\"menu-item menu-item-type-post_type menu-item-object-page menu-item-6807\"><a href=\"https:\/\/vavdoor.com\/en\/coldroll\/\">COLDROLL<\/a><\/li>\n<li id=\"menu-item-6435\" class=\"menu-item menu-item-type-post_type menu-item-object-page menu-item-6435\"><a href=\"https:\/\/vavdoor.com\/en\/quickroll\/\">QUICKROLL<\/a><\/li>\n<li id=\"menu-item-6808\" class=\"menu-item menu-item-type-post_type menu-item-object-page menu-item-6808\"><a href=\"https:\/\/vavdoor.com\/en\/aluroll\/\">ALUROLL<\/a><\/li>\n<li id=\"menu-item-6810\" class=\"menu-item menu-item-type-post_type menu-item-object-page menu-item-6810\"><a href=\"https:\/\/vavdoor.com\/en\/stainlessroll\/\">STAINLESSROLL<\/a><\/li>\n<li id=\"menu-item-6811\" class=\"menu-item menu-item-type-post_type menu-item-object-page menu-item-6811\"><a href=\"https:\/\/vavdoor.com\/en\/tuberoll\/\">TUBEROLL<\/a><\/li>\n<li id=\"menu-item-7958\" class=\"menu-item menu-item-type-post_type menu-item-object-page menu-item-7958\"><a href=\"https:\/\/vavdoor.com\/en\/koruk-sistemleri\/\">K\u00d6R\u00dcK S\u0130STEMLER\u0130<\/a><\/li>\n<li id=\"menu-item-6364\" class=\"menu-item menu-item-type-post_type menu-item-object-page menu-item-6364\"><a href=\"https:\/\/vavdoor.com\/en\/serit-perdeler\/\">\u015eER\u0130T PERDELER<\/a><\/li>\n<li id=\"menu-item-6365\" class=\"menu-item menu-item-type-post_type menu-item-object-page menu-item-6365\"><a href=\"https:\/\/vavdoor.com\/en\/yedek-parca\/\">OTOMASYON &#038; YEDEK PAR\u00c7A<\/a><\/li>\n<\/ul><\/div>    <\/div>\r\n\t\t<\/div>\n\t\t\t\t<\/div>\n\t\t\t\t<div class=\"elementor-element elementor-element-7015c278 elementor-widget elementor-widget-cms_download\" data-id=\"7015c278\" data-element_type=\"widget\" data-widget_type=\"cms_download.default\">\n\t\t\t\t<div class=\"elementor-widget-container\">\n\t\t\t    <div class=\"cms-download e-sidebar-widget\">\r\n    \t                    <div class=\"item--download\">\r\n            \t<a href=\"https:\/\/www.vavdoor.com\/sartnameler\/\" style=\"background-color: #45A7F0\">\r\n                    <span class=\"download-title\">Teknik \u015eartnameler<\/span>\r\n\t            \t\t            \t\t<span class=\"download-file-type\" style=\"color: #45A7F0\">\r\n                            PDF                        <\/span>\r\n\t            \t\t            <\/a>\r\n           <\/div>\r\n                    <div class=\"item--download\">\r\n            \t<a href=\"https:\/\/www.vavdoor.com\/dokumanlar\/Test_Raporlari.PDF\" target=\"_blank\" style=\"background-color: #1B1A1A\">\r\n                    <span class=\"download-title\">Test Raporlar\u0131<\/span>\r\n\t            \t\t            \t\t<span class=\"download-file-type\" style=\"color: #1B1A1A\">\r\n                            PDF                        <\/span>\r\n\t            \t\t            <\/a>\r\n           <\/div>\r\n                    <div class=\"item--download\">\r\n            \t<a href=\"https:\/\/www.vavdoor.com\/dokumanlar\/VAVDOOR_Katalog.pdf\" target=\"_blank\" style=\"background-color: #E11D07\">\r\n                    <span class=\"download-title\">Katalog<\/span>\r\n\t            \t\t            \t\t<span class=\"download-file-type\" style=\"color: #E11D07\">\r\n                            PDF                        <\/span>\r\n\t            \t\t            <\/a>\r\n           <\/div>\r\n            <\/div>\r\n\t\t<\/div>\n\t\t\t\t<\/div>\n\t\t        <\/div>\n        <\/div>\n                <div class=\"elementor-column elementor-col-66 elementor-top-column elementor-element elementor-element-6ab454f6\" data-id=\"6ab454f6\" data-element_type=\"column\">\n        <div class=\"elementor-widget-wrap elementor-element-populated\">\n                        \t\t<div class=\"elementor-element elementor-element-56eaf64 elementor-widget elementor-widget-cms_heading\" data-id=\"56eaf64\" data-element_type=\"widget\" data-widget_type=\"cms_heading.default\">\n\t\t\t\t<div class=\"elementor-widget-container\">\n\t\t\t<div class=\"cms-heading-wrapper cms-heading-layout1\">\r\n    \r\n            <h4 class=\"custom-heading\">\r\n            <span >\u00dcR\u00dcNLER\u0130M\u0130Z<\/span>\r\n        <\/h4>\r\n        \r\n    <\/div>\t\t<\/div>\n\t\t\t\t<\/div>\n\t\t\t\t<div class=\"elementor-element elementor-element-2c343657 elementor-widget elementor-widget-text-editor\" data-id=\"2c343657\" data-element_type=\"widget\" data-widget_type=\"text-editor.default\">\n\t\t\t\t<div class=\"elementor-widget-container\">\n\t\t\t<style>\/*! elementor - v3.18.0 - 04-12-2023 *\/\n.elementor-widget-text-editor.elementor-drop-cap-view-stacked .elementor-drop-cap{background-color:#69727d;color:#fff}.elementor-widget-text-editor.elementor-drop-cap-view-framed .elementor-drop-cap{color:#69727d;border:3px solid;background-color:transparent}.elementor-widget-text-editor:not(.elementor-drop-cap-view-default) .elementor-drop-cap{margin-top:8px}.elementor-widget-text-editor:not(.elementor-drop-cap-view-default) .elementor-drop-cap-letter{width:1em;height:1em}.elementor-widget-text-editor .elementor-drop-cap{float:left;text-align:center;line-height:1;font-size:50px}.elementor-widget-text-editor .elementor-drop-cap-letter{display:inline-block}<\/style>\t\t\t\t\t\t\t\t\t\t<\/div>\n\t\t\t\t<\/div>\n\t\t        <section class=\"elementor-section elementor-inner-section elementor-element elementor-element-52d85031 elementor-section-boxed elementor-section-height-default elementor-section-height-default\" data-id=\"52d85031\" data-element_type=\"section\">\n\t\t\n\t\t        <div class=\"elementor-container elementor-column-gap-extended \" >\n\t\t        <div class=\"elementor-column elementor-col-50 elementor-inner-column elementor-element elementor-element-15181cd4\" data-id=\"15181cd4\" data-element_type=\"column\">\n        <div class=\"elementor-widget-wrap elementor-element-populated\">\n                        \t\t<div class=\"elementor-element elementor-element-e1f9ab9 elementor-widget elementor-widget-image\" data-id=\"e1f9ab9\" data-element_type=\"widget\" data-widget_type=\"image.default\">\n\t\t\t\t<div class=\"elementor-widget-container\">\n\t\t\t<style>\/*! elementor - v3.18.0 - 04-12-2023 *\/\n.elementor-widget-image{text-align:center}.elementor-widget-image a{display:inline-block}.elementor-widget-image a img[src$=\".svg\"]{width:48px}.elementor-widget-image img{vertical-align:middle;display:inline-block}<\/style>\t\t\t\t\t\t\t\t\t\t\t\t\t<a href=\"https:\/\/www.vavdoor.com\/sarmal-kapilar\/\">\n\t\t\t\t\t\t\t<img fetchpriority=\"high\" decoding=\"async\" width=\"640\" height=\"427\" src=\"https:\/\/vavdoor.com\/wp-content\/uploads\/2022\/09\/AluexRoll-3.jpg\" class=\"attachment-large size-large wp-image-6838\" alt=\"\" srcset=\"https:\/\/vavdoor.com\/wp-content\/uploads\/2022\/09\/AluexRoll-3.jpg 768w, https:\/\/vavdoor.com\/wp-content\/uploads\/2022\/09\/AluexRoll-3-300x200.jpg 300w\" sizes=\"(max-width: 640px) 100vw, 640px\" \/>\t\t\t\t\t\t\t\t<\/a>\n\t\t\t\t\t\t\t\t\t\t\t\t\t\t\t<\/div>\n\t\t\t\t<\/div>\n\t\t\t\t<div class=\"elementor-element elementor-element-cf0ff61 elementor-position-left elementor-view-default elementor-mobile-position-top elementor-vertical-align-top elementor-widget elementor-widget-icon-box\" data-id=\"cf0ff61\" data-element_type=\"widget\" data-widget_type=\"icon-box.default\">\n\t\t\t\t<div class=\"elementor-widget-container\">\n\t\t\t<link rel=\"stylesheet\" href=\"https:\/\/vavdoor.com\/wp-content\/plugins\/elementor\/assets\/css\/widget-icon-box.min.css\">\t\t<div class=\"elementor-icon-box-wrapper\">\n\t\t\t\t\t\t<div class=\"elementor-icon-box-icon\">\n\t\t\t\t<a href=\"https:\/\/www.vavdoor.com\/sarmal-kapilar\/\" class=\"elementor-icon elementor-animation-\" tabindex=\"-1\">\n\t\t\t\t<i aria-hidden=\"true\" class=\"fas fa-stream\"><\/i>\t\t\t\t<\/a>\n\t\t\t<\/div>\n\t\t\t\t\t\t<div class=\"elementor-icon-box-content\">\n\t\t\t\t<h3 class=\"elementor-icon-box-title\">\n\t\t\t\t\t<a href=\"https:\/\/www.vavdoor.com\/sarmal-kapilar\/\" >\n\t\t\t\t\t\tSARMAL KAPILAR\t\t\t\t\t<\/a>\n\t\t\t\t<\/h3>\n\t\t\t\t\t\t\t\t\t<p class=\"elementor-icon-box-description\">\n\t\t\t\t\t\tDaha estetik ve y\u00fcksek h\u0131zl\u0131 \u00e7al\u0131\u015fma performansl\u0131 branda kap\u0131lard\u0131r. Yo\u011fun giri\u015f ve \u00e7\u0131k\u0131\u015f olan yerlerde zaman ve \u0131s\u0131 kayb\u0131n\u0131 en aza indirir. El s\u00fcrmeden, konforlu bir bi\u00e7imde giri\u015f \u00e7\u0131k\u0131\u015f\u0131 sa\u011flar.\t\t\t\t\t<\/p>\n\t\t\t\t\t\t\t<\/div>\n\t\t<\/div>\n\t\t\t\t<\/div>\n\t\t\t\t<\/div>\n\t\t        <\/div>\n        <\/div>\n                <div class=\"elementor-column elementor-col-50 elementor-inner-column elementor-element elementor-element-1637c5f1\" data-id=\"1637c5f1\" data-element_type=\"column\">\n        <div class=\"elementor-widget-wrap elementor-element-populated\">\n                        \t\t<div class=\"elementor-element elementor-element-1d52bf7 elementor-widget elementor-widget-image\" data-id=\"1d52bf7\" data-element_type=\"widget\" data-widget_type=\"image.default\">\n\t\t\t\t<div class=\"elementor-widget-container\">\n\t\t\t\t\t\t\t\t\t\t\t\t\t\t\t\t<a href=\"https:\/\/www.vavdoor.com\/katlanir-kapilar\/\">\n\t\t\t\t\t\t\t<img decoding=\"async\" width=\"640\" height=\"427\" src=\"https:\/\/vavdoor.com\/wp-content\/uploads\/2022\/09\/BoxTwoFold-2-1.jpg\" class=\"attachment-large size-large wp-image-6510\" alt=\"\" srcset=\"https:\/\/vavdoor.com\/wp-content\/uploads\/2022\/09\/BoxTwoFold-2-1.jpg 768w, https:\/\/vavdoor.com\/wp-content\/uploads\/2022\/09\/BoxTwoFold-2-1-300x200.jpg 300w\" sizes=\"(max-width: 640px) 100vw, 640px\" \/>\t\t\t\t\t\t\t\t<\/a>\n\t\t\t\t\t\t\t\t\t\t\t\t\t\t\t<\/div>\n\t\t\t\t<\/div>\n\t\t\t\t<div class=\"elementor-element elementor-element-6be643d elementor-position-left elementor-view-default elementor-mobile-position-top elementor-vertical-align-top elementor-widget elementor-widget-icon-box\" data-id=\"6be643d\" data-element_type=\"widget\" data-widget_type=\"icon-box.default\">\n\t\t\t\t<div class=\"elementor-widget-container\">\n\t\t\t\t\t<div class=\"elementor-icon-box-wrapper\">\n\t\t\t\t\t\t<div class=\"elementor-icon-box-icon\">\n\t\t\t\t<a href=\"https:\/\/www.vavdoor.com\/katlanir-kapilar\/\" class=\"elementor-icon elementor-animation-\" tabindex=\"-1\">\n\t\t\t\t<i aria-hidden=\"true\" class=\"fas fa-stream\"><\/i>\t\t\t\t<\/a>\n\t\t\t<\/div>\n\t\t\t\t\t\t<div class=\"elementor-icon-box-content\">\n\t\t\t\t<h3 class=\"elementor-icon-box-title\">\n\t\t\t\t\t<a href=\"https:\/\/www.vavdoor.com\/katlanir-kapilar\/\" >\n\t\t\t\t\t\tKATLANIR KAPILAR\t\t\t\t\t<\/a>\n\t\t\t\t<\/h3>\n\t\t\t\t\t\t\t\t\t<p class=\"elementor-icon-box-description\">\n\t\t\t\t\t\tDaha estetik ve y\u00fcksek h\u0131zl\u0131 \u00e7al\u0131\u015fma performansl\u0131 branda kap\u0131lard\u0131r. Yo\u011fun giri\u015f ve \u00e7\u0131k\u0131\u015f olan yerlerde zaman ve \u0131s\u0131 kayb\u0131n\u0131 en aza indirir. El s\u00fcrmeden, konforlu bir bi\u00e7imde giri\u015f \u00e7\u0131k\u0131\u015f\u0131 sa\u011flar.\t\t\t\t\t<\/p>\n\t\t\t\t\t\t\t<\/div>\n\t\t<\/div>\n\t\t\t\t<\/div>\n\t\t\t\t<\/div>\n\t\t        <\/div>\n        <\/div>\n        \t\t        <\/div>\n        <\/section>\n\t\t        <section class=\"elementor-section elementor-inner-section elementor-element elementor-element-7f86342e elementor-section-boxed elementor-section-height-default elementor-section-height-default\" data-id=\"7f86342e\" data-element_type=\"section\">\n\t\t\n\t\t        <div class=\"elementor-container elementor-column-gap-extended \" >\n\t\t        <div class=\"elementor-column elementor-col-50 elementor-inner-column elementor-element elementor-element-36e98827\" data-id=\"36e98827\" data-element_type=\"column\">\n        <div class=\"elementor-widget-wrap elementor-element-populated\">\n                        \t\t<div class=\"elementor-element elementor-element-629a666 elementor-widget elementor-widget-image\" data-id=\"629a666\" data-element_type=\"widget\" data-widget_type=\"image.default\">\n\t\t\t\t<div class=\"elementor-widget-container\">\n\t\t\t\t\t\t\t\t\t\t\t\t\t\t\t\t<a href=\"https:\/\/www.vavdoor.com\/koruk-sistemleri\/\">\n\t\t\t\t\t\t\t<img decoding=\"async\" width=\"640\" height=\"427\" src=\"https:\/\/vavdoor.com\/wp-content\/uploads\/2019\/08\/ServisFoto-1.jpg\" class=\"attachment-large size-large wp-image-5562\" alt=\"\" srcset=\"https:\/\/vavdoor.com\/wp-content\/uploads\/2019\/08\/ServisFoto-1.jpg 768w, https:\/\/vavdoor.com\/wp-content\/uploads\/2019\/08\/ServisFoto-1-300x200.jpg 300w\" sizes=\"(max-width: 640px) 100vw, 640px\" \/>\t\t\t\t\t\t\t\t<\/a>\n\t\t\t\t\t\t\t\t\t\t\t\t\t\t\t<\/div>\n\t\t\t\t<\/div>\n\t\t\t\t<div class=\"elementor-element elementor-element-eeab043 elementor-position-left elementor-view-default elementor-mobile-position-top elementor-vertical-align-top elementor-widget elementor-widget-icon-box\" data-id=\"eeab043\" data-element_type=\"widget\" data-widget_type=\"icon-box.default\">\n\t\t\t\t<div class=\"elementor-widget-container\">\n\t\t\t\t\t<div class=\"elementor-icon-box-wrapper\">\n\t\t\t\t\t\t<div class=\"elementor-icon-box-icon\">\n\t\t\t\t<a href=\"https:\/\/www.vavdoor.com\/koruk-sistemleri\/\" class=\"elementor-icon elementor-animation-\" tabindex=\"-1\">\n\t\t\t\t<i aria-hidden=\"true\" class=\"fas fa-stream\"><\/i>\t\t\t\t<\/a>\n\t\t\t<\/div>\n\t\t\t\t\t\t<div class=\"elementor-icon-box-content\">\n\t\t\t\t<h3 class=\"elementor-icon-box-title\">\n\t\t\t\t\t<a href=\"https:\/\/www.vavdoor.com\/koruk-sistemleri\/\" >\n\t\t\t\t\t\tK\u00d6R\u00dcK S\u0130STEMLER\u0130\t\t\t\t\t<\/a>\n\t\t\t\t<\/h3>\n\t\t\t\t\t\t\t\t\t<p class=\"elementor-icon-box-description\">\n\t\t\t\t\t\tNakliye ara\u00e7lar\u0131n\u0131n getirdi\u011fi mallar\u0131n ma\u011fazaya veya depoya indirilmesi esnas\u0131nda ara\u00e7 ile y\u00fckleme noktas\u0131 aras\u0131ndaki ba\u011flant\u0131y\u0131 sa\u011flayan y\u00fckleme k\u00f6r\u00fckleri olduk\u00e7a kullan\u0131\u015fl\u0131 ve i\u015fe yarar niteliktedir.\t\t\t\t\t<\/p>\n\t\t\t\t\t\t\t<\/div>\n\t\t<\/div>\n\t\t\t\t<\/div>\n\t\t\t\t<\/div>\n\t\t        <\/div>\n        <\/div>\n                <div class=\"elementor-column elementor-col-50 elementor-inner-column elementor-element elementor-element-2278ba86\" data-id=\"2278ba86\" data-element_type=\"column\">\n        <div class=\"elementor-widget-wrap elementor-element-populated\">\n                        \t\t<div class=\"elementor-element elementor-element-cce7a17 elementor-widget elementor-widget-image\" data-id=\"cce7a17\" data-element_type=\"widget\" data-widget_type=\"image.default\">\n\t\t\t\t<div class=\"elementor-widget-container\">\n\t\t\t\t\t\t\t\t\t\t\t\t\t\t\t\t<a href=\"https:\/\/www.vavdoor.com\/serit-perdeler\/\">\n\t\t\t\t\t\t\t<img loading=\"lazy\" decoding=\"async\" width=\"640\" height=\"427\" src=\"https:\/\/vavdoor.com\/wp-content\/uploads\/2022\/08\/Urunler_Serit_Perde1.jpg\" class=\"attachment-large size-large wp-image-6027\" alt=\"\" srcset=\"https:\/\/vavdoor.com\/wp-content\/uploads\/2022\/08\/Urunler_Serit_Perde1.jpg 768w, https:\/\/vavdoor.com\/wp-content\/uploads\/2022\/08\/Urunler_Serit_Perde1-300x200.jpg 300w\" sizes=\"(max-width: 640px) 100vw, 640px\" \/>\t\t\t\t\t\t\t\t<\/a>\n\t\t\t\t\t\t\t\t\t\t\t\t\t\t\t<\/div>\n\t\t\t\t<\/div>\n\t\t\t\t<div class=\"elementor-element elementor-element-d28450c elementor-position-left elementor-view-default elementor-mobile-position-top elementor-vertical-align-top elementor-widget elementor-widget-icon-box\" data-id=\"d28450c\" data-element_type=\"widget\" data-widget_type=\"icon-box.default\">\n\t\t\t\t<div class=\"elementor-widget-container\">\n\t\t\t\t\t<div class=\"elementor-icon-box-wrapper\">\n\t\t\t\t\t\t<div class=\"elementor-icon-box-icon\">\n\t\t\t\t<a href=\"https:\/\/www.vavdoor.com\/serit-perdeler\/\" class=\"elementor-icon elementor-animation-\" tabindex=\"-1\">\n\t\t\t\t<i aria-hidden=\"true\" class=\"fas fa-stream\"><\/i>\t\t\t\t<\/a>\n\t\t\t<\/div>\n\t\t\t\t\t\t<div class=\"elementor-icon-box-content\">\n\t\t\t\t<h3 class=\"elementor-icon-box-title\">\n\t\t\t\t\t<a href=\"https:\/\/www.vavdoor.com\/serit-perdeler\/\" >\n\t\t\t\t\t\t\u015eER\u0130T PERDELER\t\t\t\t\t<\/a>\n\t\t\t\t<\/h3>\n\t\t\t\t\t\t\t\t\t<p class=\"elementor-icon-box-description\">\n\t\t\t\t\t\tPVC \u015eerit Perdeler, ayr\u0131lmas\u0131 veya izole edilmesi gereken her mekanda kullan\u0131lmaktad\u0131r. PVC \u015eerit Perdeler ekonomik fiyatlar\u0131, dayan\u0131kl\u0131 olmalar\u0131 ve geni\u015f kullan\u0131m alan\u0131 nedeni ile tercih edilmektedir.\n <br>\n <br>\t\t\t\t\t<\/p>\n\t\t\t\t\t\t\t<\/div>\n\t\t<\/div>\n\t\t\t\t<\/div>\n\t\t\t\t<\/div>\n\t\t        <\/div>\n        <\/div>\n        \t\t        <\/div>\n        <\/section>\n\t\t        <section class=\"elementor-section elementor-inner-section elementor-element elementor-element-13551c9 elementor-section-boxed elementor-section-height-default elementor-section-height-default\" data-id=\"13551c9\" data-element_type=\"section\">\n\t\t\n\t\t        <div class=\"elementor-container elementor-column-gap-extended \" >\n\t\t        <div class=\"elementor-column elementor-col-50 elementor-inner-column elementor-element elementor-element-c7bbe02\" data-id=\"c7bbe02\" data-element_type=\"column\">\n        <div class=\"elementor-widget-wrap elementor-element-populated\">\n                        \t\t<div class=\"elementor-element elementor-element-d7cfaed elementor-widget elementor-widget-image\" data-id=\"d7cfaed\" data-element_type=\"widget\" data-widget_type=\"image.default\">\n\t\t\t\t<div class=\"elementor-widget-container\">\n\t\t\t\t\t\t\t\t\t\t\t\t\t\t\t\t<a href=\"https:\/\/www.vavdoor.com\/yedek-parca\/\">\n\t\t\t\t\t\t\t<img loading=\"lazy\" decoding=\"async\" width=\"640\" height=\"427\" src=\"https:\/\/vavdoor.com\/wp-content\/uploads\/2022\/08\/YedekParca3.jpg\" class=\"attachment-large size-large wp-image-6274\" alt=\"\" srcset=\"https:\/\/vavdoor.com\/wp-content\/uploads\/2022\/08\/YedekParca3.jpg 768w, https:\/\/vavdoor.com\/wp-content\/uploads\/2022\/08\/YedekParca3-300x200.jpg 300w\" sizes=\"(max-width: 640px) 100vw, 640px\" \/>\t\t\t\t\t\t\t\t<\/a>\n\t\t\t\t\t\t\t\t\t\t\t\t\t\t\t<\/div>\n\t\t\t\t<\/div>\n\t\t\t\t<div class=\"elementor-element elementor-element-f31ee62 elementor-position-left elementor-view-default elementor-mobile-position-top elementor-vertical-align-top elementor-widget elementor-widget-icon-box\" data-id=\"f31ee62\" data-element_type=\"widget\" data-widget_type=\"icon-box.default\">\n\t\t\t\t<div class=\"elementor-widget-container\">\n\t\t\t\t\t<div class=\"elementor-icon-box-wrapper\">\n\t\t\t\t\t\t<div class=\"elementor-icon-box-icon\">\n\t\t\t\t<a href=\"https:\/\/www.vavdoor.com\/yedek-parcalar\/\" class=\"elementor-icon elementor-animation-\" tabindex=\"-1\">\n\t\t\t\t<i aria-hidden=\"true\" class=\"fas fa-stream\"><\/i>\t\t\t\t<\/a>\n\t\t\t<\/div>\n\t\t\t\t\t\t<div class=\"elementor-icon-box-content\">\n\t\t\t\t<h3 class=\"elementor-icon-box-title\">\n\t\t\t\t\t<a href=\"https:\/\/www.vavdoor.com\/yedek-parcalar\/\" >\n\t\t\t\t\t\tOTOMASYON & YEDEK PAR\u00c7A\t\t\t\t\t<\/a>\n\t\t\t\t<\/h3>\n\t\t\t\t\t\t\t\t\t<p class=\"elementor-icon-box-description\">\n\t\t\t\t\t\tSat\u0131\u015f\u0131n\u0131 ve teknik servisini verdi\u011fimiz t\u00fcm \u00fcr\u00fcnlerimizde kesintisiz ve kaliteli hizmet sunarak profesyonel \u00e7\u00f6z\u00fcmler sa\u011fl\u0131yoruz. M\u00fc\u015fterilerimize en kaliteli \u00fcr\u00fcnleri sunmay\u0131 misyon edindik.\t\t\t\t\t<\/p>\n\t\t\t\t\t\t\t<\/div>\n\t\t<\/div>\n\t\t\t\t<\/div>\n\t\t\t\t<\/div>\n\t\t        <\/div>\n        <\/div>\n                <div class=\"elementor-column elementor-col-50 elementor-inner-column elementor-element elementor-element-a1f1370\" data-id=\"a1f1370\" data-element_type=\"column\">\n        <div class=\"elementor-widget-wrap elementor-element-populated\">\n                                <\/div>\n        <\/div>\n        \t\t        <\/div>\n        <\/section>\n\t\t        <\/div>\n        <\/div>\n        \t\t        <\/div>\n        <\/section>\n\t\t\t\t\t\t\t<\/div>\n\t\t","protected":false},"excerpt":{"rendered":"<p>\u00dcr\u00fcnlerimiz SERFOLD BOXTWOFOLD TWOFOLD SIMPLEROLL SIMPLEXROLL ALUEXROLL FRIGOROLL COLDROLL QUICKROLL ALUROLL STAINLESSROLL TUBEROLL K\u00d6R\u00dcK S\u0130STEMLER\u0130 \u015eER\u0130T PERDELER OTOMASYON &#038; YEDEK PAR\u00c7A Teknik \u015eartnameler PDF Test Raporlar\u0131 PDF Katalog PDF \u00dcR\u00dcNLER\u0130M\u0130Z SARMAL KAPILAR Daha estetik ve y\u00fcksek h\u0131zl\u0131 \u00e7al\u0131\u015fma performansl\u0131 branda kap\u0131lard\u0131r. Yo\u011fun giri\u015f ve \u00e7\u0131k\u0131\u015f olan yerlerde zaman ve \u0131s\u0131 kayb\u0131n\u0131 en aza indirir. El [&hellip;]<\/p>\n","protected":false},"author":1,"featured_media":0,"parent":0,"menu_order":0,"comment_status":"closed","ping_status":"closed","template":"","meta":{"_joinchat":[],"footnotes":""},"class_list":["post-3804","page","type-page","status-publish","hentry"],"_links":{"self":[{"href":"https:\/\/vavdoor.com\/en\/wp-json\/wp\/v2\/pages\/3804","targetHints":{"allow":["GET"]}}],"collection":[{"href":"https:\/\/vavdoor.com\/en\/wp-json\/wp\/v2\/pages"}],"about":[{"href":"https:\/\/vavdoor.com\/en\/wp-json\/wp\/v2\/types\/page"}],"author":[{"embeddable":true,"href":"https:\/\/vavdoor.com\/en\/wp-json\/wp\/v2\/users\/1"}],"replies":[{"embeddable":true,"href":"https:\/\/vavdoor.com\/en\/wp-json\/wp\/v2\/comments?post=3804"}],"version-history":[{"count":194,"href":"https:\/\/vavdoor.com\/en\/wp-json\/wp\/v2\/pages\/3804\/revisions"}],"predecessor-version":[{"id":8300,"href":"https:\/\/vavdoor.com\/en\/wp-json\/wp\/v2\/pages\/3804\/revisions\/8300"}],"wp:attachment":[{"href":"https:\/\/vavdoor.com\/en\/wp-json\/wp\/v2\/media?parent=3804"}],"curies":[{"name":"wp","href":"https:\/\/api.w.org\/{rel}","templated":true}]}}