{"id":3,"date":"2020-03-23T02:58:22","date_gmt":"2020-03-22T23:58:22","guid":{"rendered":"https:\/\/demo.farost.net\/equita\/?page_id=3"},"modified":"2022-10-03T18:30:17","modified_gmt":"2022-10-03T15:30:17","slug":"kvkk","status":"publish","type":"page","link":"https:\/\/vavdoor.com\/en\/kvkk\/","title":{"rendered":"Personal Data Protection Law"},"content":{"rendered":"<div data-elementor-type=\"wp-page\" data-elementor-id=\"3\" class=\"elementor elementor-3\">\n\t\t\t\t\t\t\t        <section class=\"elementor-section elementor-top-section elementor-element elementor-element-7b7ca41 elementor-section-boxed elementor-section-height-default elementor-section-height-default\" data-id=\"7b7ca41\" data-element_type=\"section\">\n\t\t\n\t\t        <div class=\"elementor-container elementor-column-gap-default\" >\n\t\t        <div class=\"elementor-column elementor-col-100 elementor-top-column elementor-element elementor-element-e9435cb\" data-id=\"e9435cb\" data-element_type=\"column\">\n        <div class=\"elementor-widget-wrap elementor-element-populated\">\n                        \t\t<div class=\"elementor-element elementor-element-4d74bb86 elementor-widget elementor-widget-text-editor\" data-id=\"4d74bb86\" data-element_type=\"widget\" data-widget_type=\"text-editor.default\">\n\t\t\t\t<div class=\"elementor-widget-container\">\n\t\t\t<style>\/*! elementor - v3.18.0 - 04-12-2023 *\/\n.elementor-widget-text-editor.elementor-drop-cap-view-stacked .elementor-drop-cap{background-color:#69727d;color:#fff}.elementor-widget-text-editor.elementor-drop-cap-view-framed .elementor-drop-cap{color:#69727d;border:3px solid;background-color:transparent}.elementor-widget-text-editor:not(.elementor-drop-cap-view-default) .elementor-drop-cap{margin-top:8px}.elementor-widget-text-editor:not(.elementor-drop-cap-view-default) .elementor-drop-cap-letter{width:1em;height:1em}.elementor-widget-text-editor .elementor-drop-cap{float:left;text-align:center;line-height:1;font-size:50px}.elementor-widget-text-editor .elementor-drop-cap-letter{display:inline-block}<\/style>\t\t\t\t<p><!-- wp:heading --><\/p>\n<p><!-- \/wp:heading --><!-- wp:paragraph --><\/p>\n<p><span style=\"color: #000000;\">VAVDOOR High-Speed PVC Tarpaulin Door Systems,<strong>\u00a0<\/strong>(&quot;Data controller&quot;)<strong>\u00a0 <\/strong>aspect;\u00a0<span style=\"font-family: inherit; font-weight: inherit; letter-spacing: 0px;\">\u00a0<\/span><strong style=\"font-family: inherit; letter-spacing: 0px;\">6698\u00a0<\/strong><span style=\"font-family: inherit; font-weight: inherit; letter-spacing: 0px;\">numbered\u00a0<\/span><strong style=\"font-family: inherit; letter-spacing: 0px;\">Personal Data Protection Law\u00a0<\/strong><span style=\"font-family: inherit; font-weight: inherit; letter-spacing: 0px;\">(\u201c<\/span><strong style=\"font-family: inherit; letter-spacing: 0px;\">Law<\/strong><span style=\"font-family: inherit; font-weight: inherit; letter-spacing: 0px;\">\u201d, \u201c<\/span><strong style=\"font-family: inherit; letter-spacing: 0px;\">KVKK<\/strong><span style=\"font-family: inherit; font-weight: inherit; letter-spacing: 0px;\">\u201dWe process your personal data in accordance with the relevant legislation and also make every effort to protect this data by taking the technical and administrative measures stipulated in the laws. With this text, we want to inform you in detail about the processes of processing your personal data.<\/span><\/span><\/p>\n<p><span style=\"color: #000000;\">In this context, Solution will take all necessary technical and administrative measures to protect your personal data in accordance with the Constitution of the Republic of Turkey, international agreements to which our country is a party, and\u00a0<strong>KVKK<\/strong>\u00a0primarily within the limits stipulated by all legislation related to the protection of personal data,<strong>\u00a0KVKK<\/strong>\u2019as stated in article 4 of;<\/span><\/p>\n<ul>\n<li><span style=\"color: #000000;\">Compliance with the law and principles of honesty,<\/span><\/li>\n<li><span style=\"color: #000000;\">Being accurate and up-to-date when necessary,<\/span><\/li>\n<li><span style=\"color: #000000;\">Processing for specific, explicit and legitimate purposes,<\/span><\/li>\n<li><span style=\"color: #000000;\">Being limited and proportionate, in relation to the processing purposes.,<\/span><\/li>\n<li><span style=\"color: #000000;\">They will be processed in accordance with the principles of retention for the period stipulated in the relevant legislation or for the period necessary for the purpose for which they were processed.<\/span><\/li>\n<\/ul>\n<p><span style=\"color: #000000;\"><strong>1- PURPOSES OF PROCESSING YOUR PERSONAL DATA<\/strong><\/span><\/p>\n<p><span style=\"color: #000000;\"><em>www.vavdoor.com<\/em>\u00a0to the website\u00a0<u>without membership<\/u>\u00a0Your personal data that will be processed in the context of your visit;<\/span><\/p>\n<ul>\n<li><span style=\"color: #000000;\">\u2018<em>Get a Quote and Write to Us<\/em>\u2019If you contact us through the &#039; tab&#039;,\u00a0<strong><u>Identity data\u00a0<\/u><\/strong>evaluated in the category;\u00a0<strong><em>your name and surname<\/em>,\u00a0<u>Communication data\u00a0<\/u><\/strong>evaluated in the category;\u00a0<strong><em>your email address\u00a0<\/em><\/strong>And\u00a0<strong><u>Other information\u00a0<\/u><\/strong>evaluated in the category;\u00a0<strong><em>your topic title and comment content<\/em>,\u00a0<\/strong>Receiving and evaluating suggestions for improving business processes, managing customer relationship processes, conducting communication activities and following up on requests and complaints, ensuring that you can be identified by your first and last name among our visitors, contacting you regarding your requests and complaints, ensuring your satisfaction, and receiving and evaluating suggestions for improving business processes related to the service we provide based on your complaints and requests.,<\/span><\/li>\n<li><span style=\"color: #000000;\"><strong><u>Transaction security data\u00a0<\/u><\/strong>evaluated in the category;\u00a0<strong><em>your website login and logout times, your IP address<\/em>,\u00a0<\/strong>in line with the relevant legislation\u00a0<strong>5651<\/strong>numbered\u00a0<u>Law on the Regulation of Publications on the Internet and Combating Crimes Committed Through Such Publications<\/u>\u00a0and in order to fulfill our obligation to keep traffic records, as clearly stipulated in the relevant legislation,<\/span><\/li>\n<li><span style=\"color: #000000;\"><strong><u>Marketing data\u00a0<\/u><\/strong>evaluated in the category\u00a0<strong><em>information we obtain through the cookies we use<\/em>,\u00a0<\/strong>Receiving and evaluating suggestions for improving business processes, conducting marketing analysis studies, ensuring the website is more effective, easy and fast to use in line with product or service marketing processes, personalizing site services and activities according to your needs, and enabling us to offer you more suitable services and offers through information obtained during your internet usage.,<\/span><\/li>\n<li>\u00a0<\/li>\n<li><span style=\"color: #000000;\"><strong><u>Customer transaction data<\/u><\/strong><\/span><\/li>\n<\/ul>\n<p><span style=\"color: #000000;\">will be processed for these purposes.<\/span><\/p>\n<p>\u00a0<\/p>\n<p><span style=\"color: #000000;\"><strong>2- METHOD AND LEGAL BASIS FOR COLLECTING YOUR PERSONAL DATA<\/strong><\/span><\/p>\n<p><span style=\"color: #000000;\">Your personal data will be processed, wholly or partly through automated means,<\/span><\/p>\n<ul>\n<li><span style=\"color: #000000;\">By visiting the Solution sub-website and the transactions you perform during your visit,<\/span><\/li>\n<li><span style=\"color: #000000;\">Cookies,<\/span><\/li>\n<li><span style=\"color: #000000;\">\u201c<em>Get a Quote and Write to Us<\/em>\u201dYour personal data is collected through filling out the form located in the &quot;...&quot; section. The purposes of processing and methods of obtaining your personal data are provided to you.,\u00a0<strong>KVKK<\/strong>\u2019as stated in article 5 of;<\/span><\/li>\n<li><span style=\"color: #000000;\">The processing of personal data is necessary for \u00c7\u00f6z\u00fcm to fulfill its legal obligations.,<\/span><\/li>\n<li><span style=\"color: #000000;\">Provided that it does not harm your fundamental rights and freedoms, your personal data may be processed based on the legal grounds that it is necessary for \u00c7\u00f6z\u00fcm&#039;s legitimate interests.<\/span><\/li>\n<\/ul>\n<p><span style=\"color: #000000;\"><strong>3- TRANSFER OF YOUR PERSONAL DATA<\/strong><\/span><\/p>\n<p><span style=\"color: #000000;\">Your personal data;<\/span><\/p>\n<ul>\n<li><span style=\"color: #000000;\">We provide legal services to lawyers, auditors, tax consultants, and other third parties from whom we receive advice and services, so that we can conduct our business processes in accordance with the law and our legitimate interests, and so that we can exercise our right to defense in a possible legal proceeding.,<\/span><\/li>\n<li><span style=\"color: #000000;\">We authorize your proxies and agents to fulfill our legal obligations.,<\/span><\/li>\n<li><span style=\"color: #000000;\">We may request your personal data from regulatory and supervisory bodies, other official institutions such as courts and enforcement offices, and other public institutions or organizations authorized to request your personal data in order to fulfill our legal obligations.,<\/span><\/li>\n<li><span style=\"color: #000000;\">We collaborate with our business partners and service providers to improve our services, infrastructure, and security processes.\u00a0<strong>KVKK<\/strong>\u2019Personal data may be transferred within the framework of the conditions and purposes of personal data processing specified in articles 8 and 9 of the law.<\/span><\/li>\n<\/ul>\n<p><span style=\"color: #000000;\"><strong>4- YOUR RIGHTS REGARDING THE PROTECTION OF YOUR PERSONAL DATA<\/strong><\/span><\/p>\n<p><span style=\"color: #000000;\">Regarding your personal data;<\/span><\/p>\n<ol>\n<li><span style=\"color: #000000;\">To find out whether your personal data is being processed,<\/span><\/li>\n<li><span style=\"color: #000000;\">The right to request information regarding the processing of personal data.,<\/span><\/li>\n<li><span style=\"color: #000000;\">To learn the purpose of processing personal data and whether it is being used appropriately for that purpose.,<\/span><\/li>\n<li><span style=\"color: #000000;\">Knowing the third parties to whom personal data is transferred, whether domestically or internationally.,<\/span><\/li>\n<li><span style=\"color: #000000;\">Requesting the correction of personal data if it has been processed incompletely or inaccurately.,<\/span><\/li>\n<li><span style=\"color: #000000;\">requesting the deletion or destruction of personal data within the framework of the conditions stipulated in the article,<\/span><\/li>\n<li><span style=\"color: #000000;\">Requesting that the actions taken pursuant to clauses (d) and (e) be notified to third parties to whom personal data has been transferred.,<\/span><\/li>\n<li><span style=\"color: #000000;\">The right to object to an outcome that is detrimental to oneself, resulting from the analysis of processed data exclusively through automated systems.,<\/span><\/li>\n<li><span style=\"color: #000000;\">You have the right to claim compensation for damages you have suffered as a result of the unlawful processing of your personal data.\u00a0\u00a0<\/span><\/li>\n<\/ol>\n<p><span style=\"color: #000000;\">You can submit your requests within the scope of your stated rights in writing via registered mail with return receipt requested, in person, through a notary public, or by using a registered electronic mail (KEP) address, secure electronic signature, mobile signature, or, if you have previously provided us with an email address registered in our system, by contacting us via email.<\/span><\/p>\n<p><span style=\"color: #000000;\">Your application\u00a0<strong>KVKK<\/strong>\u2018The response will be in accordance with the relevant provisions stipulated in [the relevant document\/institution], and the Solution will be requested to confirm that the applicant is the relevant person.<strong>\u00a0<\/strong>We may request some verification information from you; this information is requested solely to identify the individual and ensure that the application results are shared with the correct person.<\/span><\/p>\n<p>\u00a0<\/p>\n<p>\u00a0<\/p>\n<p><span style=\"color: #000000;\"><strong>VAVDOOR High-Speed PVC Tarpaulin Door Systems<\/strong><\/span><\/p>\n<p><span style=\"color: #000000;\"><strong>Wire:<\/strong> 0224 453 14 40<\/span><\/p>\n<p><span style=\"color: #000000;\"><strong>Address: <\/strong>Yaylacik, On the Yaylacik Main Road 37\/1, 16110<\/span><br \/><span style=\"color: #000000;\">Nil\u00fcfer \u2013 Bursa\/T\u00fcrkiye<\/span><\/p>\n<p><span style=\"color: #000000;\"><strong>e-mail:<\/strong> info@vavdoor.com<\/span><\/p>\n<p><!-- \/wp:heading --><\/p>\t\t\t\t\t\t<\/div>\n\t\t\t\t<\/div>\n\t\t        <\/div>\n        <\/div>\n        \t\t        <\/div>\n        <\/section>\n\t\t\t\t\t\t\t<\/div>","protected":false},"excerpt":{"rendered":"<p>VAVDOOR Y\u00fcksek H\u0131zl\u0131 PVC Branda Kap\u0131 Sistemleri,\u00a0(\u201cVeri sorumlusu\u201d)\u00a0 olarak;\u00a0\u00a06698\u00a0say\u0131l\u0131\u00a0Ki\u015fisel Verilerin Korunmas\u0131 Kanunu\u00a0(\u201cKanun\u201d, \u201cKVKK\u201d) ve ilgili mevzuat uyar\u0131nca ki\u015fisel verilerinizi i\u015fliyor, ayn\u0131 zamanda kanunlarda \u00f6ng\u00f6r\u00fclen teknik ve idari tedbirleri alarak bu verilerinizin korunmas\u0131 i\u00e7in elimizden gelen t\u00fcm \u00e7abay\u0131 g\u00f6steriyoruz. Bu metin ile ki\u015fisel verilerinizin i\u015flenme s\u00fcre\u00e7leri hakk\u0131nda sizleri detayl\u0131ca bilgilendirmek istiyoruz. Bu kapsamda, \u00c7\u00f6z\u00fcm, gerekli olan [&hellip;]<\/p>\n","protected":false},"author":1,"featured_media":0,"parent":0,"menu_order":0,"comment_status":"closed","ping_status":"closed","template":"","meta":{"_joinchat":[],"footnotes":""},"class_list":["post-3","page","type-page","status-publish","hentry"],"_links":{"self":[{"href":"https:\/\/vavdoor.com\/en\/wp-json\/wp\/v2\/pages\/3","targetHints":{"allow":["GET"]}}],"collection":[{"href":"https:\/\/vavdoor.com\/en\/wp-json\/wp\/v2\/pages"}],"about":[{"href":"https:\/\/vavdoor.com\/en\/wp-json\/wp\/v2\/types\/page"}],"author":[{"embeddable":true,"href":"https:\/\/vavdoor.com\/en\/wp-json\/wp\/v2\/users\/1"}],"replies":[{"embeddable":true,"href":"https:\/\/vavdoor.com\/en\/wp-json\/wp\/v2\/comments?post=3"}],"version-history":[{"count":12,"href":"https:\/\/vavdoor.com\/en\/wp-json\/wp\/v2\/pages\/3\/revisions"}],"predecessor-version":[{"id":8153,"href":"https:\/\/vavdoor.com\/en\/wp-json\/wp\/v2\/pages\/3\/revisions\/8153"}],"wp:attachment":[{"href":"https:\/\/vavdoor.com\/en\/wp-json\/wp\/v2\/media?parent=3"}],"curies":[{"name":"wp","href":"https:\/\/api.w.org\/{rel}","templated":true}]}}