{"id":2556,"date":"2026-04-27T13:39:14","date_gmt":"2026-04-27T13:39:14","guid":{"rendered":"https:\/\/vavdoor.com\/?page_id=2556"},"modified":"2026-04-27T13:40:37","modified_gmt":"2026-04-27T13:40:37","slug":"teknik-sartnameler","status":"publish","type":"page","link":"https:\/\/vavdoor.com\/en\/teknik-sartnameler\/","title":{"rendered":"teknik \u015fartnameler"},"content":{"rendered":"<div data-elementor-type=\"wp-page\" data-elementor-id=\"2556\" class=\"elementor elementor-2556\">\n\t\t\t\t<div class=\"elementor-element elementor-element-7dfa4f8 e-flex e-con-boxed e-con e-parent\" data-id=\"7dfa4f8\" data-element_type=\"container\" data-e-type=\"container\">\n\t\t\t\t\t<div class=\"e-con-inner\">\n\t\t\t\t<div class=\"elementor-element elementor-element-681178f elementor-widget elementor-widget-html\" data-id=\"681178f\" data-element_type=\"widget\" data-e-type=\"widget\" data-widget_type=\"html.default\">\n\t\t\t\t\t<section class=\"vav-spec-page\">\r\n\r\n  <div class=\"vav-spec-hero\">\r\n    <span>VAVDOOR | Y\u00fcksek H\u0131zl\u0131 Branda Kap\u0131 Sistemleri<\/span>\r\n    <h1>Sat\u0131nalma S\u00fcrecinin Anahtar Dok\u00fcman\u0131:<br>Teknik \u015eartnameler<\/h1>\r\n    <p>\r\n      \u00dcr\u00fcn gruplar\u0131na ait sat\u0131nalma \u015fartnamelerini PDF olarak g\u00f6r\u00fcnt\u00fcleyebilir veya indirebilirsiniz.\r\n    <\/p>\r\n  <\/div>\r\n\r\n  <div class=\"vav-spec-container\">\r\n\r\n    <div class=\"vav-spec-grid\">\r\n\r\n      <a class=\"vav-spec-card\" href=\"https:\/\/vavdoor.com\/wp-content\/uploads\/2026\/04\/BOXTWOFOLD-CIFT-KAT-KATLANIR-SATINALMA-SARTNAMESI.pdf\" target=\"_blank\">\r\n        <span><\/span>\r\n        <h3>BOXTWOFOLD \u00c7ift Kat Katlan\u0131r Sat\u0131nalma \u015eartnamesi<\/h3>\r\n        <b>\u015eartnameyi Oku \u2192<\/b>\r\n      <\/a>\r\n\r\n      <a class=\"vav-spec-card\" href=\"https:\/\/vavdoor.com\/wp-content\/uploads\/2026\/04\/COLDROLL-SARMAL-TIP-POLIURETAN-DOLGULU-SATINALMA-SARTNAMESI.pdf\" target=\"_blank\">\r\n        <span><\/span>\r\n        <h3>COLDROLL Sarmal Tip Poli\u00fcretan Dolgulu Sat\u0131nalma \u015eartnamesi<\/h3>\r\n        <b>\u015eartnameyi Oku \u2192<\/b>\r\n      <\/a>\r\n\r\n      <a class=\"vav-spec-card\" href=\"https:\/\/vavdoor.com\/wp-content\/uploads\/2026\/04\/FRIGOROLL-SARMAL-TIP-POLIURETAN-DOLGULU-SATINALMA-SARTNAMESI.pdf\" target=\"_blank\">\r\n        <span><\/span>\r\n        <h3>FRIGOROLL Sarmal Tip Poli\u00fcretan Dolgulu Sat\u0131nalma \u015eartnamesi<\/h3>\r\n        <b>\u015eartnameyi Oku \u2192<\/b>\r\n      <\/a>\r\n\r\n      <a class=\"vav-spec-card\" href=\"https:\/\/vavdoor.com\/wp-content\/uploads\/2026\/04\/QUICKROLL-SARMAL-TIP-CELIK-POLIURETAN-LAMELLI-SATINALMA-SARTNAMESI.pdf\" target=\"_blank\">\r\n        <span><\/span>\r\n        <h3>QUICKROLL Sarmal Tip \u00c7elik Poli\u00fcretan Lamelli Sat\u0131nalma \u015eartnamesi<\/h3>\r\n        <b>\u015eartnameyi Oku \u2192<\/b>\r\n      <\/a>\r\n\r\n      <a class=\"vav-spec-card\" href=\"https:\/\/vavdoor.com\/wp-content\/uploads\/2026\/04\/SERFOLD-KATLANIR-TIP-SATINALMA-SARTNAMESI.pdf\" target=\"_blank\">\r\n        <span><\/span>\r\n        <h3>SERFOLD Katlan\u0131r Tip Sat\u0131nalma \u015eartnamesi<\/h3>\r\n        <b>\u015eartnameyi Oku \u2192<\/b>\r\n      <\/a>\r\n\r\n      <a class=\"vav-spec-card\" href=\"https:\/\/vavdoor.com\/wp-content\/uploads\/2026\/04\/SIMPLEROLL-SARMAL-TIP-SATINALMA-SARTNAMESI.pdf\" target=\"_blank\">\r\n        <span><\/span>\r\n        <h3>SIMPLEROLL Sarmal Tip Sat\u0131nalma \u015eartnamesi<\/h3>\r\n        <b>\u015eartnameyi Oku \u2192<\/b>\r\n      <\/a>\r\n\r\n      <a class=\"vav-spec-card\" href=\"https:\/\/vavdoor.com\/wp-content\/uploads\/2026\/04\/STAINLESSROLL-SARMAL-TIP-SATINALMA-SARTNAMESI.pdf\" target=\"_blank\">\r\n        <span><\/span>\r\n        <h3>STAINLESSROLL Sarmal Tip Sat\u0131nalma \u015eartnamesi<\/h3>\r\n        <b>\u015eartnameyi Oku \u2192<\/b>\r\n      <\/a>\r\n\r\n      <a class=\"vav-spec-card\" href=\"https:\/\/vavdoor.com\/wp-content\/uploads\/2026\/04\/TUBEROLL-SARMAL-TIP-SATINALMA-SARTNAMESI.pdf\" target=\"_blank\">\r\n        <span><\/span>\r\n        <h3>TUBEROLL Sarmal Tip Sat\u0131nalma \u015eartnamesi<\/h3>\r\n        <b>\u015eartnameyi Oku \u2192<\/b>\r\n      <\/a>\r\n\r\n      <a class=\"vav-spec-card\" href=\"https:\/\/vavdoor.com\/wp-content\/uploads\/2026\/04\/TWOFOLD-CIFT-KAT-KATLANIR-TIP-SATINALMA-SARTNAMESI.pdf\" target=\"_blank\">\r\n        <span><\/span>\r\n        <h3>TWOFOLD \u00c7ift Kat Katlan\u0131r Tip Sat\u0131nalma \u015eartnamesi<\/h3>\r\n        <b>\u015eartnameyi Oku \u2192<\/b>\r\n      <\/a>\r\n\r\n      <a class=\"vav-spec-card\" href=\"https:\/\/vavdoor.com\/wp-content\/uploads\/2026\/04\/ALUEXROLL-SARMAL-TIP-SATINALMA-SARTNAMESI.pdf\" target=\"_blank\">\r\n        <span><\/span>\r\n        <h3>ALUEXROLL Sarmal Tip Sat\u0131nalma \u015eartnamesi<\/h3>\r\n        <b>\u015eartnameyi Oku \u2192<\/b>\r\n      <\/a>\r\n\r\n      <a class=\"vav-spec-card\" href=\"https:\/\/vavdoor.com\/wp-content\/uploads\/2026\/04\/ALUROLL-SARMAL-TIP-SATINALMA-SARTNAMESI.pdf\" target=\"_blank\">\r\n        <span><\/span>\r\n        <h3>ALUROLL Sarmal Tip Sat\u0131nalma \u015eartnamesi<\/h3>\r\n        <b>\u015eartnameyi Oku \u2192<\/b>\r\n      <\/a>\r\n\r\n    <\/div>\r\n\r\n  <\/div>\r\n\r\n<\/section>\r\n\r\n<style>\r\n.vav-spec-page{\r\n  width:100%;\r\n  background:#f7f7f8;\r\n  font-family:Arial,sans-serif;\r\n  color:#111827;\r\n  padding:0 0 80px;\r\n}\r\n.vav-spec-page *{\r\n  box-sizing:border-box;\r\n}\r\n.vav-spec-hero{\r\n  text-align:center;\r\n  padding:80px 20px 40px;\r\n}\r\n.vav-spec-hero span{\r\n  display:block;\r\n  color:#d40000;\r\n  font-size:13px;\r\n  font-weight:900;\r\n  letter-spacing:.4px;\r\n  margin-bottom:14px;\r\n}\r\n.vav-spec-hero h1{\r\n  margin:0;\r\n  color:#071b33;\r\n  font-size:38px;\r\n  line-height:1.25;\r\n  font-weight:900;\r\n}\r\n.vav-spec-hero p{\r\n  max-width:760px;\r\n  margin:18px auto 0;\r\n  color:#5f6b7a;\r\n  font-size:17px;\r\n  line-height:1.7;\r\n}\r\n.vav-spec-container{\r\n  max-width:1180px;\r\n  margin:0 auto;\r\n  padding:0 20px;\r\n}\r\n.vav-spec-grid{\r\n  display:grid;\r\n  grid-template-columns:repeat(3,1fr);\r\n  gap:32px;\r\n}\r\n.vav-spec-card{\r\n  min-height:185px;\r\n  background:#ffffff;\r\n  border:1px solid #e5e7eb;\r\n  border-radius:4px;\r\n  padding:36px 34px 30px;\r\n  text-decoration:none;\r\n  color:#111827;\r\n  box-shadow:0 20px 55px rgba(0,0,0,.06);\r\n  position:relative;\r\n  transition:.25s ease;\r\n}\r\n.vav-spec-card:hover{\r\n  transform:translateY(-5px);\r\n  box-shadow:0 24px 65px rgba(0,0,0,.10);\r\n}\r\n.vav-spec-card:after{\r\n  content:\"\";\r\n  position:absolute;\r\n  left:34px;\r\n  right:34px;\r\n  bottom:0;\r\n  height:3px;\r\n  background:#d40000;\r\n}\r\n.vav-spec-card span{\r\n  width:18px;\r\n  height:3px;\r\n  background:#d40000;\r\n  display:block;\r\n  margin-bottom:34px;\r\n}\r\n.vav-spec-card h3{\r\n  margin:0 0 26px;\r\n  color:#1f2937;\r\n  font-size:18px;\r\n  line-height:1.35;\r\n  font-weight:900;\r\n  text-transform:uppercase;\r\n}\r\n.vav-spec-card b{\r\n  color:#d40000;\r\n  font-size:14px;\r\n  font-weight:900;\r\n}\r\n@media(max-width:1024px){\r\n  .vav-spec-grid{\r\n    grid-template-columns:repeat(2,1fr);\r\n  }\r\n  .vav-spec-hero h1{\r\n    font-size:32px;\r\n  }\r\n}\r\n@media(max-width:767px){\r\n  .vav-spec-page{\r\n    padding-bottom:50px;\r\n  }\r\n  .vav-spec-hero{\r\n    padding:55px 16px 32px;\r\n  }\r\n  .vav-spec-hero h1{\r\n    font-size:26px;\r\n  }\r\n  .vav-spec-hero p{\r\n    font-size:15px;\r\n  }\r\n  .vav-spec-container{\r\n    padding:0 16px;\r\n  }\r\n  .vav-spec-grid{\r\n    grid-template-columns:1fr;\r\n    gap:22px;\r\n  }\r\n  .vav-spec-card{\r\n    padding:30px 24px 26px;\r\n    min-height:auto;\r\n  }\r\n  .vav-spec-card:after{\r\n    left:24px;\r\n    right:24px;\r\n  }\r\n}\r\n<\/style>\t\t\t\t<\/div>\n\t\t\t\t\t<\/div>\n\t\t\t\t<\/div>\n\t\t\t\t<\/div>","protected":false},"excerpt":{"rendered":"<p>VAVDOOR | Y\u00fcksek H\u0131zl\u0131 Branda Kap\u0131 Sistemleri Sat\u0131nalma S\u00fcrecinin Anahtar Dok\u00fcman\u0131:Teknik \u015eartnameler \u00dcr\u00fcn gruplar\u0131na ait sat\u0131nalma \u015fartnamelerini PDF olarak g\u00f6r\u00fcnt\u00fcleyebilir veya indirebilirsiniz. BOXTWOFOLD \u00c7ift Kat Katlan\u0131r Sat\u0131nalma \u015eartnamesi \u015eartnameyi Oku \u2192 COLDROLL Sarmal Tip Poli\u00fcretan Dolgulu Sat\u0131nalma \u015eartnamesi \u015eartnameyi Oku \u2192 FRIGOROLL Sarmal Tip Poli\u00fcretan Dolgulu Sat\u0131nalma \u015eartnamesi \u015eartnameyi Oku \u2192 QUICKROLL Sarmal Tip \u00c7elik [&hellip;]<\/p>\n","protected":false},"author":1,"featured_media":0,"parent":0,"menu_order":0,"comment_status":"closed","ping_status":"closed","template":"","meta":{"_uag_custom_page_level_css":"","site-sidebar-layout":"no-sidebar","site-content-layout":"page-builder","ast-site-content-layout":"full-width-container","site-content-style":"default","site-sidebar-style":"default","ast-global-header-display":"","ast-banner-title-visibility":"","ast-main-header-display":"","ast-hfb-above-header-display":"","ast-hfb-below-header-display":"","ast-hfb-mobile-header-display":"","site-post-title":"","ast-breadcrumbs-content":"","ast-featured-img":"disabled","footer-sml-layout":"","ast-disable-related-posts":"","theme-transparent-header-meta":"","adv-header-id-meta":"","stick-header-meta":"","header-above-stick-meta":"","header-main-stick-meta":"","header-below-stick-meta":"","astra-migrate-meta-layouts":"set","ast-page-background-enabled":"default","ast-page-background-meta":{"desktop":{"background-color":"","background-image":"","background-repeat":"repeat","background-position":"center center","background-size":"auto","background-attachment":"scroll","background-type":"","background-media":"","overlay-type":"","overlay-color":"","overlay-opacity":"","overlay-gradient":""},"tablet":{"background-color":"","background-image":"","background-repeat":"repeat","background-position":"center center","background-size":"auto","background-attachment":"scroll","background-type":"","background-media":"","overlay-type":"","overlay-color":"","overlay-opacity":"","overlay-gradient":""},"mobile":{"background-color":"","background-image":"","background-repeat":"repeat","background-position":"center center","background-size":"auto","background-attachment":"scroll","background-type":"","background-media":"","overlay-type":"","overlay-color":"","overlay-opacity":"","overlay-gradient":""}},"ast-content-background-meta":{"desktop":{"background-color":"var(--ast-global-color-5)","background-image":"","background-repeat":"repeat","background-position":"center center","background-size":"auto","background-attachment":"scroll","background-type":"","background-media":"","overlay-type":"","overlay-color":"","overlay-opacity":"","overlay-gradient":""},"tablet":{"background-color":"var(--ast-global-color-5)","background-image":"","background-repeat":"repeat","background-position":"center center","background-size":"auto","background-attachment":"scroll","background-type":"","background-media":"","overlay-type":"","overlay-color":"","overlay-opacity":"","overlay-gradient":""},"mobile":{"background-color":"var(--ast-global-color-5)","background-image":"","background-repeat":"repeat","background-position":"center center","background-size":"auto","background-attachment":"scroll","background-type":"","background-media":"","overlay-type":"","overlay-color":"","overlay-opacity":"","overlay-gradient":""}},"_joinchat":[],"footnotes":""},"class_list":["post-2556","page","type-page","status-publish","hentry"],"_hostinger_reach_plugin_has_subscription_block":false,"_hostinger_reach_plugin_is_elementor":false,"uagb_featured_image_src":{"full":false,"thumbnail":false,"medium":false,"medium_large":false,"large":false,"1536x1536":false,"2048x2048":false,"trp-custom-language-flag":false},"uagb_author_info":{"display_name":"ceemmbulut@gmail.com","author_link":"https:\/\/vavdoor.com\/en\/author\/ceemmbulutgmail-com\/"},"uagb_comment_info":0,"uagb_excerpt":"VAVDOOR | Y\u00fcksek H\u0131zl\u0131 Branda Kap\u0131 Sistemleri Sat\u0131nalma S\u00fcrecinin Anahtar Dok\u00fcman\u0131:Teknik \u015eartnameler \u00dcr\u00fcn gruplar\u0131na ait sat\u0131nalma \u015fartnamelerini PDF olarak g\u00f6r\u00fcnt\u00fcleyebilir veya indirebilirsiniz. BOXTWOFOLD \u00c7ift Kat Katlan\u0131r Sat\u0131nalma \u015eartnamesi \u015eartnameyi Oku \u2192 COLDROLL Sarmal Tip Poli\u00fcretan Dolgulu Sat\u0131nalma \u015eartnamesi \u015eartnameyi Oku \u2192 FRIGOROLL Sarmal Tip Poli\u00fcretan Dolgulu Sat\u0131nalma \u015eartnamesi \u015eartnameyi Oku \u2192 QUICKROLL Sarmal Tip \u00c7elik&hellip;","_links":{"self":[{"href":"https:\/\/vavdoor.com\/en\/wp-json\/wp\/v2\/pages\/2556","targetHints":{"allow":["GET"]}}],"collection":[{"href":"https:\/\/vavdoor.com\/en\/wp-json\/wp\/v2\/pages"}],"about":[{"href":"https:\/\/vavdoor.com\/en\/wp-json\/wp\/v2\/types\/page"}],"author":[{"embeddable":true,"href":"https:\/\/vavdoor.com\/en\/wp-json\/wp\/v2\/users\/1"}],"replies":[{"embeddable":true,"href":"https:\/\/vavdoor.com\/en\/wp-json\/wp\/v2\/comments?post=2556"}],"version-history":[{"count":4,"href":"https:\/\/vavdoor.com\/en\/wp-json\/wp\/v2\/pages\/2556\/revisions"}],"predecessor-version":[{"id":2561,"href":"https:\/\/vavdoor.com\/en\/wp-json\/wp\/v2\/pages\/2556\/revisions\/2561"}],"wp:attachment":[{"href":"https:\/\/vavdoor.com\/en\/wp-json\/wp\/v2\/media?parent=2556"}],"curies":[{"name":"wp","href":"https:\/\/api.w.org\/{rel}","templated":true}]}}