{"id":2532,"date":"2026-04-27T13:14:46","date_gmt":"2026-04-27T13:14:46","guid":{"rendered":"https:\/\/vavdoor.com\/?page_id=2532"},"modified":"2026-04-27T13:43:53","modified_gmt":"2026-04-27T13:43:53","slug":"urunler","status":"publish","type":"page","link":"https:\/\/vavdoor.com\/en\/urunler\/","title":{"rendered":"\u00fcr\u00fcnler"},"content":{"rendered":"<div data-elementor-type=\"wp-page\" data-elementor-id=\"2532\" class=\"elementor elementor-2532\">\n\t\t\t\t<div class=\"elementor-element elementor-element-f5ac23f e-flex e-con-boxed e-con e-parent\" data-id=\"f5ac23f\" data-element_type=\"container\" data-e-type=\"container\">\n\t\t\t\t\t<div class=\"e-con-inner\">\n\t\t\t\t<div class=\"elementor-element elementor-element-6a44f02 elementor-widget elementor-widget-html\" data-id=\"6a44f02\" data-element_type=\"widget\" data-e-type=\"widget\" data-widget_type=\"html.default\">\n\t\t\t\t\t<section class=\"vav-products-main\">\r\n\r\n  <!-- HERO -->\r\n  <div class=\"vav-products-hero\">\r\n    <span>\u00dcR\u00dcN GRUPLARI<\/span>\r\n    <h1>END\u00dcSTR\u0130YEL KAPI S\u0130STEMLER\u0130<\/h1>\r\n    <p>\r\n      \u0130htiyac\u0131n\u0131za g\u00f6re sarmal kap\u0131lar, katlan\u0131r kap\u0131lar ve otomasyon yedek par\u00e7a \u00e7\u00f6z\u00fcmlerini inceleyin.\r\n    <\/p>\r\n  <\/div>\r\n\r\n  <div class=\"vav-products-wrap\">\r\n\r\n    <!-- ANA KATEGOR\u0130LER -->\r\n    <div class=\"vav-category-grid\">\r\n\r\n      <div class=\"vav-category-card\">\r\n        <div class=\"vav-category-img\">\r\n          <img decoding=\"async\" src=\"https:\/\/vavdoor.com\/wp-content\/uploads\/2026\/04\/Quickroll.jpeg\" alt=\"Sarmal Kap\u0131lar\" title=\"\u00fcr\u00fcnler\">\r\n        <\/div>\r\n        <div class=\"vav-category-content\">\r\n          <span>01<\/span>\r\n          <h2>Roller Shutters<\/h2>\r\n          <p>\u0130\u00e7 ve d\u0131\u015f mekan h\u0131zl\u0131 PVC kap\u0131 sistemleri.<\/p>\r\n        <\/div>\r\n      <\/div>\r\n\r\n      <div class=\"vav-category-card\">\r\n        <div class=\"vav-category-img\">\r\n          <img decoding=\"async\" src=\"https:\/\/vavdoor.com\/wp-content\/uploads\/2026\/04\/doublefold-p.jpeg\" alt=\"Katlan\u0131r Kap\u0131lar\" title=\"\u00fcr\u00fcnler\">\r\n        <\/div>\r\n        <div class=\"vav-category-content\">\r\n          <span>02<\/span>\r\n          <h2>Folding Doors<\/h2>\r\n          <p>Geni\u015f a\u00e7\u0131kl\u0131klar i\u00e7in g\u00fc\u00e7l\u00fc d\u0131\u015f mekan \u00e7\u00f6z\u00fcmleri.<\/p>\r\n        <\/div>\r\n      <\/div>\r\n\r\n      <div class=\"vav-category-card\">\r\n        <div class=\"vav-category-img\">\r\n          <img decoding=\"async\" src=\"https:\/\/vavdoor.com\/wp-content\/uploads\/2026\/04\/KontrolPaneli.jpg\" alt=\"Otomasyon Yedek Par\u00e7a\" title=\"\u00fcr\u00fcnler\">\r\n        <\/div>\r\n        <div class=\"vav-category-content\">\r\n          <span>03<\/span>\r\n          <h2>Otomasyon & Yedek Par\u00e7a<\/h2>\r\n          <p>Kontrol \u00fcniteleri, sens\u00f6rler, motor tak\u0131mlar\u0131 ve aksesuar \u00e7\u00f6z\u00fcmleri.<\/p>\r\n        <\/div>\r\n      <\/div>\r\n\r\n    <\/div>\r\n\r\n    <!-- SARMAL KAPILAR -->\r\n    <div class=\"vav-product-section\">\r\n      <div class=\"vav-section-title\">\r\n        <span>SARMAL KAPILAR<\/span>\r\n        <h2>Roller Shutters<\/h2>\r\n      <\/div>\r\n\r\n      <div class=\"vav-product-grid\">\r\n\r\n        <div class=\"vav-product-card\">\r\n          <div class=\"vav-product-img\">\r\n            <img decoding=\"async\" src=\"https:\/\/vavdoor.com\/wp-content\/uploads\/2026\/04\/Simpreroll-e1776004317728.jpeg\" alt=\"Simpleroll\" title=\"\u00fcr\u00fcnler\">\r\n          <\/div>\r\n          <h3>Simpleroll<\/h3>\r\n          <a href=\"https:\/\/vavdoor.com\/en\/simpleroll\/\">\u0130ncele \u2192<\/a>\r\n        <\/div>\r\n\r\n        <div class=\"vav-product-card\">\r\n          <div class=\"vav-product-img\">\r\n            <img decoding=\"async\" src=\"https:\/\/vavdoor.com\/wp-content\/uploads\/2026\/04\/Quickroll.jpeg\" alt=\"Quickroll\" title=\"\u00fcr\u00fcnler\">\r\n          <\/div>\r\n          <h3>Quickroll<\/h3>\r\n          <a href=\"https:\/\/vavdoor.com\/en\/quickroll\/\">\u0130ncele \u2192<\/a>\r\n        <\/div>\r\n\r\n        <div class=\"vav-product-card\">\r\n          <div class=\"vav-product-img\">\r\n            <img decoding=\"async\" src=\"https:\/\/vavdoor.com\/wp-content\/uploads\/2026\/04\/Frigoroll-e1776004423154.jpeg\" alt=\"Frigoroll\" title=\"\u00fcr\u00fcnler\">\r\n          <\/div>\r\n          <h3>Refrigerated roll<\/h3>\r\n          <a href=\"https:\/\/vavdoor.com\/en\/frigoroll\/\">\u0130ncele \u2192<\/a>\r\n        <\/div>\r\n\r\n        <div class=\"vav-product-card\">\r\n          <div class=\"vav-product-img\">\r\n            <img decoding=\"async\" src=\"https:\/\/vavdoor.com\/wp-content\/uploads\/2026\/04\/aluroll.jpeg\" alt=\"Aluroll\" title=\"\u00fcr\u00fcnler\">\r\n          <\/div>\r\n          <h3>Aluroll<\/h3>\r\n          <a href=\"https:\/\/vavdoor.com\/en\/aluroll\/\">\u0130ncele \u2192<\/a>\r\n        <\/div>\r\n\r\n        <div class=\"vav-product-card\">\r\n          <div class=\"vav-product-img\">\r\n            <img decoding=\"async\" src=\"https:\/\/vavdoor.com\/wp-content\/uploads\/2026\/04\/tuberoll.jpeg\" alt=\"Tuberoll\" title=\"\u00fcr\u00fcnler\">\r\n          <\/div>\r\n          <h3>Tuberoll<\/h3>\r\n          <a href=\"https:\/\/vavdoor.com\/en\/tuberoll\/\">\u0130ncele \u2192<\/a>\r\n        <\/div>\r\n\r\n        <div class=\"vav-product-card\">\r\n          <div class=\"vav-product-img\">\r\n            <img decoding=\"async\" src=\"https:\/\/vavdoor.com\/wp-content\/uploads\/2026\/04\/arcroll-.jpeg\" alt=\"Arcroll\" title=\"\u00fcr\u00fcnler\">\r\n          <\/div>\r\n          <h3>Arcroll<\/h3>\r\n          <a href=\"https:\/\/vavdoor.com\/en\/arcroll\/\">\u0130ncele \u2192<\/a>\r\n        <\/div>\r\n\r\n        <div class=\"vav-product-card\">\r\n          <div class=\"vav-product-img\">\r\n            <img decoding=\"async\" src=\"https:\/\/vavdoor.com\/wp-content\/uploads\/2026\/04\/softroll.jpeg\" alt=\"Softroll\" title=\"\u00fcr\u00fcnler\">\r\n          <\/div>\r\n          <h3>Softroll<\/h3>\r\n          <a href=\"https:\/\/vavdoor.com\/en\/softroll\/\">\u0130ncele \u2192<\/a>\r\n        <\/div>\r\n\r\n      <\/div>\r\n    <\/div>\r\n\r\n    <!-- KATLANIR KAPILAR -->\r\n    <div class=\"vav-product-section\">\r\n      <div class=\"vav-section-title\">\r\n        <span>KATLANIR KAPILAR<\/span>\r\n        <h2>Folding Doors<\/h2>\r\n      <\/div>\r\n\r\n      <div class=\"vav-product-grid vav-product-grid-three\">\r\n\r\n        <div class=\"vav-product-card\">\r\n          <div class=\"vav-product-img\">\r\n            <img decoding=\"async\" src=\"https:\/\/vavdoor.com\/wp-content\/uploads\/2026\/04\/Serfold2-e1776004361911.jpeg\" alt=\"Serfold\" title=\"\u00fcr\u00fcnler\">\r\n          <\/div>\r\n          <h3>Serfold<\/h3>\r\n          <a href=\"https:\/\/vavdoor.com\/en\/serfold\/\">\u0130ncele \u2192<\/a>\r\n        <\/div>\r\n\r\n        <div class=\"vav-product-card\">\r\n          <div class=\"vav-product-img\">\r\n            <img decoding=\"async\" src=\"https:\/\/vavdoor.com\/wp-content\/uploads\/2026\/04\/Minidoublefold.jpeg\" alt=\"Minidoublefold\" title=\"\u00fcr\u00fcnler\">\r\n          <\/div>\r\n          <h3>Minidoublefold<\/h3>\r\n          <a href=\"https:\/\/vavdoor.com\/en\/minidoublefold-cift-kat-katlanir-tip-hizli-pvc-kapi-2\/\">\u0130ncele \u2192<\/a>\r\n        <\/div>\r\n\r\n        <div class=\"vav-product-card\">\r\n          <div class=\"vav-product-img\">\r\n            <img decoding=\"async\" src=\"https:\/\/vavdoor.com\/wp-content\/uploads\/2026\/04\/doublefold-p.jpeg\" alt=\"Doublefold\" title=\"\u00fcr\u00fcnler\">\r\n          <\/div>\r\n          <h3>Doublefold<\/h3>\r\n          <a href=\"https:\/\/vavdoor.com\/en\/doublefold\/\">\u0130ncele \u2192<\/a>\r\n        <\/div>\r\n\r\n      <\/div>\r\n    <\/div>\r\n\r\n    <!-- OTOMASYON YEDEK PAR\u00c7A -->\r\n    <div class=\"vav-product-section\">\r\n      <div class=\"vav-section-title\">\r\n        <span>OTOMASYON & YEDEK PAR\u00c7A<\/span>\r\n        <h2>Otomasyon & Yedek Par\u00e7a<\/h2>\r\n      <\/div>\r\n\r\n      <div class=\"vav-product-grid vav-product-grid-three\">\r\n\r\n        <div class=\"vav-product-card\">\r\n          <div class=\"vav-product-img\">\r\n            <img decoding=\"async\" src=\"https:\/\/vavdoor.com\/wp-content\/uploads\/2026\/04\/KontrolPaneli.jpg\" alt=\"Kontrol \u00dcniteleri\" title=\"\u00fcr\u00fcnler\">\r\n          <\/div>\r\n          <h3>Control Units<\/h3>\r\n        <\/div>\r\n\r\n        <div class=\"vav-product-card\">\r\n          <div class=\"vav-product-img\">\r\n            <img decoding=\"async\" src=\"https:\/\/vavdoor.com\/wp-content\/uploads\/2026\/04\/Foto-Sel.jpg\" alt=\"Fotosel \u00c7e\u015fitleri\" title=\"\u00fcr\u00fcnler\">\r\n          <\/div>\r\n          <h3>Fotosel \u00c7e\u015fitleri<\/h3>\r\n        <\/div>\r\n\r\n        <div class=\"vav-product-card\">\r\n          <div class=\"vav-product-img\">\r\n            <img decoding=\"async\" src=\"https:\/\/vavdoor.com\/wp-content\/uploads\/2026\/04\/ElSensor.jpg\" alt=\"El Sens\u00f6rleri\" title=\"\u00fcr\u00fcnler\">\r\n          <\/div>\r\n          <h3>Hand Sensors<\/h3>\r\n        <\/div>\r\n\r\n      <\/div>\r\n\r\n      <div class=\"vav-auto-btn-wrap\">\r\n        <a href=\"https:\/\/vavdoor.com\/en\/otomasyon-yedek-parca\/\" class=\"vav-main-btn\">\r\n          T\u00fcm Otomasyon & Yedek Par\u00e7a \u00dcr\u00fcnlerini \u0130ncele\r\n        <\/a>\r\n      <\/div>\r\n    <\/div>\r\n\r\n    <!-- DOK\u00dcMANLAR -->\r\n    <div class=\"vav-doc-section\">\r\n      <div class=\"vav-section-title\">\r\n        <span>DOK\u00dcMANLAR<\/span>\r\n        <h2>Teknik Dok\u00fcmanlar ve PDF Dosyalar\u0131<\/h2>\r\n      <\/div>\r\n\r\n      <div class=\"vav-doc-grid\">\r\n\r\n        <a href=\"https:\/\/vavdoor.com\/en\/teknik-sartnameler\/\" class=\"vav-doc-card\">\r\n          <h3>Teknik \u015eartnameler<\/h3>\r\n          <p>\u00dcr\u00fcnlere ait teknik \u015fartname PDF dosyalar\u0131n\u0131 inceleyin.<\/p>\r\n          <b>PDF G\u00f6r\u00fcnt\u00fcle \u2192<\/b>\r\n        <\/a>\r\n\r\n        <a href=\"https:\/\/vavdoor.com\/wp-content\/uploads\/2026\/04\/Test_Raporlari.pdf\" class=\"vav-doc-card\" target=\"_blank\">\r\n  <h3>Test Raporlar\u0131<\/h3>\r\n  <p>R\u00fczg\u00e2r dayan\u0131m\u0131, kalite ve performans test raporlar\u0131n\u0131 inceleyin.<\/p>\r\n  <b>PDF G\u00f6r\u00fcnt\u00fcle \u2192<\/b>\r\n<\/a>\r\n\r\n      <\/div>\r\n    <\/div>\r\n\r\n  <\/div>\r\n<\/section>\r\n\r\n<style>\r\n.vav-products-main{\r\n  width:100%;\r\n  background:#ffffff;\r\n  font-family:Arial,sans-serif;\r\n  color:#071b33;\r\n}\r\n.vav-products-main *{\r\n  box-sizing:border-box;\r\n}\r\n.vav-products-hero{\r\n  background:linear-gradient(135deg,#0b1f3a,#17365c);\r\n  padding:90px 20px;\r\n  text-align:center;\r\n}\r\n.vav-products-hero span,\r\n.vav-section-title span{\r\n  display:block;\r\n  color:#d40000;\r\n  font-size:14px;\r\n  font-weight:900;\r\n  letter-spacing:1px;\r\n  margin-bottom:10px;\r\n}\r\n.vav-products-hero h1{\r\n  margin:0 0 18px;\r\n  font-size:46px;\r\n  line-height:1.15;\r\n  color:#ffffff !important;\r\n  font-weight:900;\r\n}\r\n.vav-products-hero p{\r\n  max-width:780px;\r\n  margin:0 auto;\r\n  font-size:18px;\r\n  line-height:1.7;\r\n  color:#ffffff;\r\n}\r\n.vav-products-wrap{\r\n  max-width:1280px;\r\n  margin:0 auto;\r\n  padding:70px 20px;\r\n}\r\n\r\n\/* ANA KATEGOR\u0130 *\/\r\n.vav-category-grid{\r\n  display:grid;\r\n  grid-template-columns:repeat(3,1fr);\r\n  gap:30px;\r\n  margin-bottom:85px;\r\n}\r\n.vav-category-card{\r\n  background:#ffffff;\r\n  border:1px solid #e1e5ec;\r\n  border-radius:22px;\r\n  overflow:hidden;\r\n  box-shadow:0 12px 35px rgba(0,0,0,.06);\r\n}\r\n.vav-category-img{\r\n  height:185px;\r\n  background:#f4f6f8;\r\n  display:flex;\r\n  align-items:center;\r\n  justify-content:center;\r\n  overflow:hidden;\r\n}\r\n.vav-category-img img{\r\n  width:88%;\r\n  height:88%;\r\n  object-fit:contain;\r\n  display:block;\r\n}\r\n.vav-category-content{\r\n  padding:26px;\r\n  text-align:left;\r\n}\r\n.vav-category-content span{\r\n  color:#d40000;\r\n  font-weight:900;\r\n}\r\n.vav-category-content h2{\r\n  margin:10px 0;\r\n  font-size:25px;\r\n  line-height:1.25;\r\n  color:#071b33;\r\n  font-weight:900;\r\n}\r\n.vav-category-content p{\r\n  margin:0;\r\n  font-size:16px;\r\n  line-height:1.7;\r\n  color:#647084;\r\n}\r\n\r\n\/* B\u00d6L\u00dcM *\/\r\n.vav-product-section{\r\n  padding:70px 0;\r\n  border-top:1px solid #e5e7eb;\r\n}\r\n.vav-section-title{\r\n  max-width:850px;\r\n  margin:0 auto 42px;\r\n  text-align:center;\r\n}\r\n.vav-section-title h2{\r\n  margin:0;\r\n  font-size:38px;\r\n  line-height:1.2;\r\n  color:#071b33;\r\n  font-weight:900;\r\n}\r\n\r\n\/* \u00dcR\u00dcN KARTLARI *\/\r\n.vav-product-grid{\r\n  display:grid;\r\n  grid-template-columns:repeat(3,1fr);\r\n  gap:26px;\r\n}\r\n.vav-product-card{\r\n  background:#ffffff;\r\n  border:1px solid #e1e5ec;\r\n  border-radius:20px;\r\n  overflow:hidden;\r\n  text-align:center;\r\n  box-shadow:0 10px 30px rgba(0,0,0,.04);\r\n}\r\n.vav-product-img{\r\n  height:205px;\r\n  background:#f6f7f9;\r\n  display:flex;\r\n  align-items:center;\r\n  justify-content:center;\r\n  overflow:hidden;\r\n}\r\n.vav-product-img img{\r\n  width:88%;\r\n  height:88%;\r\n  object-fit:contain;\r\n  display:block;\r\n}\r\n.vav-product-card h3{\r\n  margin:20px 18px 8px;\r\n  font-size:23px;\r\n  line-height:1.25;\r\n  color:#071b33;\r\n  font-weight:900;\r\n}\r\n.vav-product-card a{\r\n  display:inline-block;\r\n  margin:4px 0 24px;\r\n  color:#d40000;\r\n  font-size:15px;\r\n  font-weight:800;\r\n  text-decoration:none;\r\n}\r\n\r\n\/* OTOMASYON BUTON *\/\r\n.vav-auto-btn-wrap{\r\n  text-align:center;\r\n  margin-top:34px;\r\n}\r\n.vav-main-btn{\r\n  display:inline-block;\r\n  padding:16px 30px;\r\n  background:#d40000;\r\n  color:#ffffff !important;\r\n  border-radius:40px;\r\n  text-decoration:none;\r\n  font-size:16px;\r\n  font-weight:800;\r\n}\r\n\r\n\/* DOK\u00dcMANLAR *\/\r\n.vav-doc-section{\r\n  background:#f7f8fb;\r\n  padding:70px 30px;\r\n  border-radius:28px;\r\n  margin-top:40px;\r\n}\r\n.vav-doc-grid{\r\n  display:grid;\r\n  grid-template-columns:repeat(2,1fr);\r\n  gap:24px;\r\n  max-width:850px;\r\n  margin:0 auto;\r\n}\r\n.vav-doc-card{\r\n  background:#ffffff;\r\n  border:1px solid #e1e5ec;\r\n  border-radius:20px;\r\n  padding:30px;\r\n  text-decoration:none;\r\n  color:#071b33;\r\n}\r\n.vav-doc-card h3{\r\n  margin:0 0 14px;\r\n  font-size:24px;\r\n  color:#d40000;\r\n  font-weight:900;\r\n}\r\n.vav-doc-card p{\r\n  margin:0 0 24px;\r\n  font-size:16px;\r\n  line-height:1.7;\r\n  color:#647084;\r\n}\r\n.vav-doc-card b{\r\n  color:#d40000;\r\n}\r\n\r\n\/* RESPONSIVE *\/\r\n@media(max-width:1024px){\r\n  .vav-category-grid,\r\n  .vav-product-grid{\r\n    grid-template-columns:repeat(2,1fr);\r\n  }\r\n}\r\n@media(max-width:767px){\r\n  .vav-products-hero{\r\n    padding:60px 16px;\r\n  }\r\n  .vav-products-hero h1{\r\n    font-size:31px;\r\n  }\r\n  .vav-products-hero p{\r\n    font-size:16px;\r\n  }\r\n  .vav-products-wrap{\r\n    padding:45px 16px;\r\n  }\r\n  .vav-category-grid,\r\n  .vav-product-grid,\r\n  .vav-doc-grid{\r\n    grid-template-columns:1fr;\r\n  }\r\n  .vav-category-img,\r\n  .vav-product-img{\r\n    height:190px;\r\n  }\r\n  .vav-section-title h2{\r\n    font-size:29px;\r\n  }\r\n  .vav-doc-section{\r\n    padding:50px 18px;\r\n  }\r\n}\r\n<\/style>\t\t\t\t<\/div>\n\t\t\t\t\t<\/div>\n\t\t\t\t<\/div>\n\t\t\t\t<\/div>","protected":false},"excerpt":{"rendered":"<p>\u00dcR\u00dcN GRUPLARI END\u00dcSTR\u0130YEL KAPI S\u0130STEMLER\u0130 \u0130htiyac\u0131n\u0131za g\u00f6re sarmal kap\u0131lar, katlan\u0131r kap\u0131lar ve otomasyon yedek par\u00e7a \u00e7\u00f6z\u00fcmlerini inceleyin. 01 Sarmal Kap\u0131lar \u0130\u00e7 ve d\u0131\u015f mekan h\u0131zl\u0131 PVC kap\u0131 sistemleri. 02 Katlan\u0131r Kap\u0131lar Geni\u015f a\u00e7\u0131kl\u0131klar i\u00e7in g\u00fc\u00e7l\u00fc d\u0131\u015f mekan \u00e7\u00f6z\u00fcmleri. 03 Otomasyon &#038; Yedek Par\u00e7a Kontrol \u00fcniteleri, sens\u00f6rler, motor tak\u0131mlar\u0131 ve aksesuar \u00e7\u00f6z\u00fcmleri. SARMAL KAPILAR Sarmal Kap\u0131lar [&hellip;]<\/p>\n","protected":false},"author":1,"featured_media":0,"parent":0,"menu_order":0,"comment_status":"closed","ping_status":"closed","template":"","meta":{"_uag_custom_page_level_css":"","site-sidebar-layout":"no-sidebar","site-content-layout":"page-builder","ast-site-content-layout":"full-width-container","site-content-style":"default","site-sidebar-style":"default","ast-global-header-display":"","ast-banner-title-visibility":"","ast-main-header-display":"","ast-hfb-above-header-display":"","ast-hfb-below-header-display":"","ast-hfb-mobile-header-display":"","site-post-title":"","ast-breadcrumbs-content":"","ast-featured-img":"disabled","footer-sml-layout":"","ast-disable-related-posts":"","theme-transparent-header-meta":"","adv-header-id-meta":"","stick-header-meta":"","header-above-stick-meta":"","header-main-stick-meta":"","header-below-stick-meta":"","astra-migrate-meta-layouts":"set","ast-page-background-enabled":"default","ast-page-background-meta":{"desktop":{"background-color":"","background-image":"","background-repeat":"repeat","background-position":"center center","background-size":"auto","background-attachment":"scroll","background-type":"","background-media":"","overlay-type":"","overlay-color":"","overlay-opacity":"","overlay-gradient":""},"tablet":{"background-color":"","background-image":"","background-repeat":"repeat","background-position":"center center","background-size":"auto","background-attachment":"scroll","background-type":"","background-media":"","overlay-type":"","overlay-color":"","overlay-opacity":"","overlay-gradient":""},"mobile":{"background-color":"","background-image":"","background-repeat":"repeat","background-position":"center center","background-size":"auto","background-attachment":"scroll","background-type":"","background-media":"","overlay-type":"","overlay-color":"","overlay-opacity":"","overlay-gradient":""}},"ast-content-background-meta":{"desktop":{"background-color":"var(--ast-global-color-5)","background-image":"","background-repeat":"repeat","background-position":"center center","background-size":"auto","background-attachment":"scroll","background-type":"","background-media":"","overlay-type":"","overlay-color":"","overlay-opacity":"","overlay-gradient":""},"tablet":{"background-color":"var(--ast-global-color-5)","background-image":"","background-repeat":"repeat","background-position":"center center","background-size":"auto","background-attachment":"scroll","background-type":"","background-media":"","overlay-type":"","overlay-color":"","overlay-opacity":"","overlay-gradient":""},"mobile":{"background-color":"var(--ast-global-color-5)","background-image":"","background-repeat":"repeat","background-position":"center center","background-size":"auto","background-attachment":"scroll","background-type":"","background-media":"","overlay-type":"","overlay-color":"","overlay-opacity":"","overlay-gradient":""}},"_joinchat":[],"footnotes":""},"class_list":["post-2532","page","type-page","status-publish","hentry"],"_hostinger_reach_plugin_has_subscription_block":false,"_hostinger_reach_plugin_is_elementor":false,"uagb_featured_image_src":{"full":false,"thumbnail":false,"medium":false,"medium_large":false,"large":false,"1536x1536":false,"2048x2048":false,"trp-custom-language-flag":false},"uagb_author_info":{"display_name":"ceemmbulut@gmail.com","author_link":"https:\/\/vavdoor.com\/en\/author\/ceemmbulutgmail-com\/"},"uagb_comment_info":0,"uagb_excerpt":"\u00dcR\u00dcN GRUPLARI END\u00dcSTR\u0130YEL KAPI S\u0130STEMLER\u0130 \u0130htiyac\u0131n\u0131za g\u00f6re sarmal kap\u0131lar, katlan\u0131r kap\u0131lar ve otomasyon yedek par\u00e7a \u00e7\u00f6z\u00fcmlerini inceleyin. 01 Sarmal Kap\u0131lar \u0130\u00e7 ve d\u0131\u015f mekan h\u0131zl\u0131 PVC kap\u0131 sistemleri. 02 Katlan\u0131r Kap\u0131lar Geni\u015f a\u00e7\u0131kl\u0131klar i\u00e7in g\u00fc\u00e7l\u00fc d\u0131\u015f mekan \u00e7\u00f6z\u00fcmleri. 03 Otomasyon &#038; Yedek Par\u00e7a Kontrol \u00fcniteleri, sens\u00f6rler, motor tak\u0131mlar\u0131 ve aksesuar \u00e7\u00f6z\u00fcmleri. SARMAL KAPILAR Sarmal Kap\u0131lar&hellip;","_links":{"self":[{"href":"https:\/\/vavdoor.com\/en\/wp-json\/wp\/v2\/pages\/2532","targetHints":{"allow":["GET"]}}],"collection":[{"href":"https:\/\/vavdoor.com\/en\/wp-json\/wp\/v2\/pages"}],"about":[{"href":"https:\/\/vavdoor.com\/en\/wp-json\/wp\/v2\/types\/page"}],"author":[{"embeddable":true,"href":"https:\/\/vavdoor.com\/en\/wp-json\/wp\/v2\/users\/1"}],"replies":[{"embeddable":true,"href":"https:\/\/vavdoor.com\/en\/wp-json\/wp\/v2\/comments?post=2532"}],"version-history":[{"count":13,"href":"https:\/\/vavdoor.com\/en\/wp-json\/wp\/v2\/pages\/2532\/revisions"}],"predecessor-version":[{"id":2564,"href":"https:\/\/vavdoor.com\/en\/wp-json\/wp\/v2\/pages\/2532\/revisions\/2564"}],"wp:attachment":[{"href":"https:\/\/vavdoor.com\/en\/wp-json\/wp\/v2\/media?parent=2532"}],"curies":[{"name":"wp","href":"https:\/\/api.w.org\/{rel}","templated":true}]}}