{"id":2526,"date":"2026-04-27T12:53:20","date_gmt":"2026-04-27T12:53:20","guid":{"rendered":"https:\/\/vavdoor.com\/?page_id=2526"},"modified":"2026-04-27T12:54:36","modified_gmt":"2026-04-27T12:54:36","slug":"softroll","status":"publish","type":"page","link":"https:\/\/vavdoor.com\/en\/softroll\/","title":{"rendered":"softroll"},"content":{"rendered":"<div data-elementor-type=\"wp-page\" data-elementor-id=\"2526\" class=\"elementor elementor-2526\">\n\t\t\t\t<div class=\"elementor-element elementor-element-9f75793 e-flex e-con-boxed e-con e-parent\" data-id=\"9f75793\" data-element_type=\"container\" data-e-type=\"container\">\n\t\t\t\t\t<div class=\"e-con-inner\">\n\t\t\t\t<div class=\"elementor-element elementor-element-64a445e elementor-widget elementor-widget-html\" data-id=\"64a445e\" data-element_type=\"widget\" data-e-type=\"widget\" data-widget_type=\"html.default\">\n\t\t\t\t\t<section class=\"vav-product-page\">\r\n\r\n  <!-- HERO -->\r\n  <div class=\"vav-product-hero premium-hero\">\r\n    <div class=\"vav-product-hero-content\">\r\n      <span class=\"vav-product-kicker\">\u0130\u00c7 MEKAN PVC HIZLI KAPI S\u0130STEM\u0130<\/span>\r\n      <h1>SOFTROLL<\/h1>\r\n      <p>\r\n        Yo\u011fun ge\u00e7i\u015fli \u00fcretim alanlar\u0131, depolar ve forklift trafi\u011finin yo\u011fun oldu\u011fu b\u00f6lgeler i\u00e7in geli\u015ftirilmi\u015f kendini onaran h\u0131zl\u0131 PVC kap\u0131 \u00e7\u00f6z\u00fcm\u00fc.\r\n      <\/p>\r\n    <\/div>\r\n  <\/div>\r\n\r\n  <!-- \u00dcR\u00dcN A\u00c7IKLAMASI -->\r\n  <div class=\"vav-container vav-product-intro\">\r\n    <div class=\"vav-product-intro-grid\">\r\n\r\n      <div class=\"vav-product-text\">\r\n        <span class=\"vav-mini-title\">ABOUT THE PRODUCT<\/span>\r\n        <h2>Kendini Onaran, G\u00fcvenli ve Y\u00fcksek Performansl\u0131 Kap\u0131 Sistemi<\/h2>\r\n\r\n        <p>\r\n          <strong>SOFTROLL<\/strong> i\u00e7 mekan PVC h\u0131zl\u0131 kap\u0131 sistemi, yo\u011fun ge\u00e7i\u015fli \u00fcretim alanlar\u0131 i\u00e7in tasarlanm\u0131\u015f dayan\u0131kl\u0131 ve g\u00fcvenli bir end\u00fcstriyel kap\u0131 \u00e7\u00f6z\u00fcm\u00fcd\u00fcr.\r\n        <\/p>\r\n\r\n        <p>\r\n          Fabrikalar, depolar, lojistik merkezleri ve forklift trafi\u011finin yo\u011fun oldu\u011fu alanlarda kesintisiz operasyon sa\u011flamak i\u00e7in geli\u015ftirilmi\u015ftir.\r\n        <\/p>\r\n\r\n        <p>\r\n          Galvaniz metal aksam\u0131 ile uzun \u00f6m\u00fcr sunan SOFTROLL, branda kenar\u0131nda yer alan \u00f6zel tapa sistemi sayesinde kendini onaran PVC kap\u0131 \u00f6zelli\u011fine sahiptir.\r\n        <\/p>\r\n\r\n        <p>\r\n          Olas\u0131 \u00e7arpmalarda branda raydan \u00e7\u0131kar ve sistem otomatik olarak kendini toparlayarak \u00e7al\u0131\u015fmaya devam eder. Bu \u00f6zellik \u00fcretim duru\u015flar\u0131n\u0131 minimize eder.\r\n        <\/p>\r\n\r\n        <p>\r\n          Branda \u00fczerinde metal aksam bulunmamas\u0131, forklift ve ta\u015f\u0131ma ekipmanlar\u0131 ile yo\u011fun kullan\u0131lan alanlarda maksimum i\u015f g\u00fcvenli\u011fi sa\u011flar.\r\n        <\/p>\r\n      <\/div>\r\n\r\n      <div class=\"vav-product-image-card\">\r\n        <img decoding=\"async\" src=\"https:\/\/vavdoor.com\/wp-content\/uploads\/2026\/04\/softroll.jpeg\" alt=\"SOFTROLL \u0130\u00e7 Mekan PVC H\u0131zl\u0131 Kap\u0131\" title=\"softroll\">\r\n      <\/div>\r\n\r\n    <\/div>\r\n  <\/div>\r\n\r\n  <!-- AVANTAJLAR -->\r\n  <div class=\"vav-features-wrap\">\r\n    <div class=\"vav-container\">\r\n\r\n      <div class=\"vav-section-head\">\r\n        <span class=\"vav-mini-title\">ADVANTAGES<\/span>\r\n        <h2>SOFTROLL Neden Tercih Edilir?<\/h2>\r\n        <p>\r\n          Yo\u011fun ge\u00e7i\u015f trafi\u011fi, forklift kullan\u0131m\u0131 ve kesintisiz \u00fcretim ak\u0131\u015f\u0131 bulunan alanlar i\u00e7in g\u00fcvenli ve verimli \u00e7\u00f6z\u00fcm sunar.\r\n        <\/p>\r\n      <\/div>\r\n\r\n      <div class=\"vav-feature-grid\">\r\n\r\n        <div class=\"vav-feature-box\">\r\n          <div class=\"vav-num\">01<\/div>\r\n          <h3>Kendini Onaran Sistem<\/h3>\r\n          <p>\u00c7arpma durumunda branda raydan \u00e7\u0131kar ve sistem otomatik olarak kendini toparlayarak \u00e7al\u0131\u015fmaya devam eder.<\/p>\r\n        <\/div>\r\n\r\n        <div class=\"vav-feature-box\">\r\n          <div class=\"vav-num\">02<\/div>\r\n          <h3>Forklift Trafi\u011fine Uygun<\/h3>\r\n          <p>Yo\u011fun forklift ve ta\u015f\u0131ma ekipman\u0131 kullan\u0131lan alanlarda g\u00fcvenli kullan\u0131m i\u00e7in geli\u015ftirilmi\u015ftir.<\/p>\r\n        <\/div>\r\n\r\n        <div class=\"vav-feature-box\">\r\n          <div class=\"vav-num\">03<\/div>\r\n          <h3>Metal Aksams\u0131z Branda<\/h3>\r\n          <p>Branda \u00fczerinde metal aksam bulunmamas\u0131 \u00e7arpma risklerine kar\u015f\u0131 maksimum i\u015f g\u00fcvenli\u011fi sa\u011flar.<\/p>\r\n        <\/div>\r\n\r\n        <div class=\"vav-feature-box\">\r\n          <div class=\"vav-num\">04<\/div>\r\n          <h3>Y\u00fcksek H\u0131z<\/h3>\r\n          <p>0,70 m\/sn standart h\u0131z, s\u00fcr\u00fcc\u00fc ayar\u0131 ile 1,2 m\/sn\u2019ye kadar art\u0131r\u0131labilir.<\/p>\r\n        <\/div>\r\n\r\n      <\/div>\r\n    <\/div>\r\n  <\/div>\r\n\r\n  <!-- TEKN\u0130K -->\r\n  <div class=\"vav-container vav-technical-wrap\">\r\n    <div class=\"vav-technical-grid\">\r\n\r\n      <div class=\"vav-tech-drawing\">\r\n        <span class=\"vav-mini-title\">TECHNICAL DRAWING<\/span>\r\n        <h2>Dimension &amp; Layout Structure<\/h2>\r\n\r\n        <p>\r\n          Teknik \u00e7izimde net ge\u00e7i\u015f eni, net ge\u00e7i\u015f y\u00fcksekli\u011fi, toplam \u00f6l\u00e7\u00fcler ve montaj yerle\u015fim detaylar\u0131 g\u00f6sterilmektedir.\r\n        <\/p>\r\n\r\n        <div class=\"vav-tech-image\">\r\n          <img decoding=\"async\" src=\"https:\/\/vavdoor.com\/wp-content\/uploads\/2026\/04\/softroll-teknik.png\" alt=\"SOFTROLL Teknik \u00c7izim\" title=\"softroll\">\r\n        <\/div>\r\n\r\n        <div class=\"vav-tech-note\">\r\n          <strong>Not:<\/strong> \u00d6l\u00e7\u00fclendirme; net ge\u00e7i\u015f eni (W), net ge\u00e7i\u015f y\u00fcksekli\u011fi (H), toplam en (TW) ve toplam y\u00fckseklik (TH) bilgilerine g\u00f6re projelendirilmelidir.\r\n        <\/div>\r\n      <\/div>\r\n\r\n      <div class=\"vav-tech-specs\">\r\n        <span class=\"vav-mini-title\">TECHNICAL DETAILS<\/span>\r\n        <h2>Product Features<\/h2>\r\n\r\n        <div class=\"vav-spec-list\">\r\n\r\n          <div class=\"vav-spec-item\">\r\n            <span>Product Type<\/span>\r\n            <strong>\u0130\u00e7 Mekan PVC H\u0131zl\u0131 Kap\u0131 Sistemi<\/strong>\r\n          <\/div>\r\n\r\n          <div class=\"vav-spec-item\">\r\n            <span>Kullan\u0131m Tipi<\/span>\r\n            <strong>Yo\u011fun Ge\u00e7i\u015fli \u0130\u00e7 Mekan Alanlar\u0131<\/strong>\r\n          <\/div>\r\n\r\n          <div class=\"vav-spec-item\">\r\n            <span>Metal Aksam<\/span>\r\n            <strong>Galvaniz Metal Aksam<\/strong>\r\n          <\/div>\r\n\r\n          <div class=\"vav-spec-item\">\r\n            <span>\u00d6zel Sistem<\/span>\r\n            <strong>Kendini Onaran Tapa Sistemi<\/strong>\r\n          <\/div>\r\n\r\n          <div class=\"vav-spec-item\">\r\n            <span>Branda Yap\u0131s\u0131<\/span>\r\n            <strong>Metal Aksams\u0131z G\u00fcvenli Branda Yap\u0131s\u0131<\/strong>\r\n          <\/div>\r\n\r\n          <div class=\"vav-spec-item\">\r\n            <span>Kontrol Sistemi<\/span>\r\n            <strong>\u0130nvert\u00f6rl\u00fc Kontrol Paneli<\/strong>\r\n          <\/div>\r\n\r\n          <div class=\"vav-spec-item\">\r\n            <span>\u00c7al\u0131\u015fma H\u0131z\u0131<\/span>\r\n            <strong>Standart 0,70 m\/sn \u2014 S\u00fcr\u00fcc\u00fc Ayar\u0131 ile 1,2 m\/sn\u2019ye Kadar<\/strong>\r\n          <\/div>\r\n\r\n          <div class=\"vav-spec-item\">\r\n            <span>Customization<\/span>\r\n            <strong>RAL Renk Se\u00e7ene\u011fi<\/strong>\r\n          <\/div>\r\n\r\n          <div class=\"vav-spec-item\">\r\n            <span>Applications<\/span>\r\n            <strong>Fabrika, Depo, Lojistik Merkezi ve Forklift Trafi\u011fi Olan Alanlar<\/strong>\r\n          <\/div>\r\n\r\n        <\/div>\r\n      <\/div>\r\n\r\n    <\/div>\r\n  <\/div>\r\n\r\n  <!-- ALANLAR -->\r\n  <div class=\"vav-application-wrap\">\r\n    <div class=\"vav-container\">\r\n\r\n      <div class=\"vav-section-head\">\r\n        <span class=\"vav-mini-title\">APPLICATION AREAS<\/span>\r\n        <h2>Yo\u011fun Trafikli Alanlar \u0130\u00e7in<\/h2>\r\n        <p>\r\n          SOFTROLL, kendini onaran h\u0131zl\u0131 kap\u0131, forklift \u00e7arpmalar\u0131na dayan\u0131kl\u0131 kap\u0131 ve yo\u011fun kullan\u0131m i\u00e7in h\u0131zl\u0131 PVC kap\u0131 arayan i\u015fletmeler i\u00e7in ideal bir \u00e7\u00f6z\u00fcmd\u00fcr.\r\n        <\/p>\r\n      <\/div>\r\n\r\n      <div class=\"vav-application-grid\">\r\n        <div class=\"vav-application-box\">Factories<\/div>\r\n        <div class=\"vav-application-box\">Warehouses<\/div>\r\n        <div class=\"vav-application-box\">Logistics Centers<\/div>\r\n        <div class=\"vav-application-box\">Forklift Trafi\u011fi Olan Alanlar<\/div>\r\n        <div class=\"vav-application-box\">Production Areas<\/div>\r\n        <div class=\"vav-application-box\">Yo\u011fun Ge\u00e7i\u015f Noktalar\u0131<\/div>\r\n      <\/div>\r\n\r\n    <\/div>\r\n  <\/div>\r\n\r\n<\/section>\r\n\r\n<style>\r\n.vav-product-page{width:100%;max-width:100%;overflow:hidden;background:#fff;font-family:Arial,sans-serif;color:#1f2937}\r\n.vav-product-page *{box-sizing:border-box}\r\n.vav-container{width:100%;max-width:1280px;margin:0 auto;padding-left:20px;padding-right:20px}\r\n.vav-mini-title{display:inline-block;margin-bottom:14px;font-size:14px;font-weight:700;color:#d40000;letter-spacing:1px}\r\n.vav-section-head{max-width:820px;margin:0 auto 50px;text-align:center}\r\n.vav-section-head h2{margin:0 0 14px;font-size:42px;line-height:1.2;font-weight:800;color:#0b1f3a}\r\n.vav-section-head p{margin:0;font-size:17px;line-height:1.8;color:#5f6b7a}\r\n.vav-product-hero{display:flex;align-items:center;justify-content:center;text-align:center;min-height:360px;padding:60px 20px;background:linear-gradient(135deg,#0b1f3a 0%,#1c3557 100%)}\r\n.vav-product-hero-content{max-width:900px}\r\n.vav-product-kicker{display:inline-block;margin-bottom:10px;font-size:12px;font-weight:700;letter-spacing:1px;color:rgba(255,255,255,.7)}\r\n.vav-product-hero h1{margin:0 0 10px;font-size:48px;line-height:1.1;font-weight:800;color:#fff}\r\n.vav-product-hero p{max-width:820px;margin:0 auto;font-size:16px;line-height:1.7;color:rgba(255,255,255,.85)}\r\n.vav-product-intro{padding-top:90px;padding-bottom:90px}\r\n.vav-product-intro-grid{display:grid;grid-template-columns:1.1fr .9fr;gap:50px;align-items:center}\r\n.vav-product-text h2{margin:0 0 20px;font-size:44px;line-height:1.18;font-weight:800;color:#0b1f3a}\r\n.vav-product-text p{margin:0 0 16px;font-size:17px;line-height:1.8;color:#5f6b7a}\r\n.vav-product-image-card img{width:100%;display:block;border-radius:24px;box-shadow:0 22px 60px rgba(0,0,0,.16)}\r\n.vav-features-wrap{background:#f7f8fb;padding:85px 0}\r\n.vav-feature-grid{display:grid;grid-template-columns:repeat(4,1fr);gap:28px}\r\n.vav-feature-box{background:#fff;border:1px solid #e4e7ec;border-radius:22px;padding:30px 26px}\r\n.vav-num{width:68px;height:68px;display:flex;align-items:center;justify-content:center;border-radius:18px;margin-bottom:18px;background:#f8eaea;color:#e00000;font-size:28px;font-weight:800}\r\n.vav-feature-box h3{margin:0 0 12px;font-size:22px;line-height:1.3;color:#0b1f3a;font-weight:800}\r\n.vav-feature-box p{margin:0;font-size:16px;line-height:1.8;color:#5f6b7a}\r\n.vav-technical-wrap{padding-top:95px;padding-bottom:95px}\r\n.vav-technical-grid{display:grid;grid-template-columns:1.05fr .95fr;gap:36px;align-items:start}\r\n.vav-tech-drawing,.vav-tech-specs{background:#fff;border:1px solid #e4e7ec;border-radius:24px;padding:34px}\r\n.vav-tech-drawing h2,.vav-tech-specs h2{margin:0 0 14px;font-size:34px;line-height:1.2;color:#0b1f3a;font-weight:800}\r\n.vav-tech-drawing p{margin:0 0 22px;font-size:16px;line-height:1.8;color:#5f6b7a}\r\n.vav-tech-image{width:100%;border-radius:18px;overflow:hidden;background:#f3f4f6;border:1px solid #e5e7eb}\r\n.vav-tech-image img{width:100%;height:auto;display:block}\r\n.vav-tech-note{margin-top:16px;font-size:15px;line-height:1.8;color:#5f6b7a}\r\n.vav-spec-list{display:flex;flex-direction:column;gap:14px}\r\n.vav-spec-item{display:flex;flex-direction:column;gap:6px;padding:16px 0;border-bottom:1px solid #eceff3}\r\n.vav-spec-item:last-child{border-bottom:none}\r\n.vav-spec-item span{font-size:14px;font-weight:700;color:#d40000;letter-spacing:.4px}\r\n.vav-spec-item strong{font-size:17px;line-height:1.7;color:#0b1f3a;font-weight:700}\r\n.vav-application-wrap{background:#f7f8fb;padding:85px 0}\r\n.vav-application-grid{display:grid;grid-template-columns:repeat(3,1fr);gap:22px}\r\n.vav-application-box{background:#fff;border:1px solid #e4e7ec;border-radius:20px;padding:26px 18px;text-align:center;font-size:18px;font-weight:700;color:#0b1f3a}\r\n@media(max-width:1024px){\r\n.vav-product-intro-grid,.vav-technical-grid{grid-template-columns:1fr}\r\n.vav-feature-grid,.vav-application-grid{grid-template-columns:repeat(2,1fr)}\r\n.vav-product-text h2,.vav-section-head h2,.vav-tech-drawing h2,.vav-tech-specs h2{font-size:34px}\r\n}\r\n@media(max-width:767px){\r\n.vav-container{padding-left:16px;padding-right:16px}\r\n.vav-product-hero{min-height:240px;padding:50px 16px}\r\n.vav-product-hero h1{font-size:28px}\r\n.vav-product-hero p{font-size:14px;line-height:1.75}\r\n.vav-product-intro,.vav-features-wrap,.vav-technical-wrap,.vav-application-wrap{padding-top:55px;padding-bottom:55px}\r\n.vav-product-intro-grid,.vav-technical-grid,.vav-feature-grid,.vav-application-grid{grid-template-columns:1fr;gap:20px}\r\n.vav-product-text h2,.vav-section-head h2,.vav-tech-drawing h2,.vav-tech-specs h2{font-size:28px}\r\n.vav-tech-drawing,.vav-tech-specs,.vav-feature-box{padding:22px 18px}\r\n}\r\n<\/style>\t\t\t\t<\/div>\n\t\t\t\t\t<\/div>\n\t\t\t\t<\/div>\n\t\t\t\t<\/div>","protected":false},"excerpt":{"rendered":"<p>\u0130\u00c7 MEKAN PVC HIZLI KAPI S\u0130STEM\u0130 SOFTROLL Yo\u011fun ge\u00e7i\u015fli \u00fcretim alanlar\u0131, depolar ve forklift trafi\u011finin yo\u011fun oldu\u011fu b\u00f6lgeler i\u00e7in geli\u015ftirilmi\u015f kendini onaran h\u0131zl\u0131 PVC kap\u0131 \u00e7\u00f6z\u00fcm\u00fc. \u00dcR\u00dcN HAKKINDA Kendini Onaran, G\u00fcvenli ve Y\u00fcksek Performansl\u0131 Kap\u0131 Sistemi SOFTROLL i\u00e7 mekan PVC h\u0131zl\u0131 kap\u0131 sistemi, yo\u011fun ge\u00e7i\u015fli \u00fcretim alanlar\u0131 i\u00e7in tasarlanm\u0131\u015f dayan\u0131kl\u0131 ve g\u00fcvenli bir end\u00fcstriyel kap\u0131 [&hellip;]<\/p>\n","protected":false},"author":1,"featured_media":0,"parent":0,"menu_order":0,"comment_status":"closed","ping_status":"closed","template":"","meta":{"_uag_custom_page_level_css":"","site-sidebar-layout":"no-sidebar","site-content-layout":"page-builder","ast-site-content-layout":"full-width-container","site-content-style":"default","site-sidebar-style":"default","ast-global-header-display":"","ast-banner-title-visibility":"","ast-main-header-display":"","ast-hfb-above-header-display":"","ast-hfb-below-header-display":"","ast-hfb-mobile-header-display":"","site-post-title":"","ast-breadcrumbs-content":"","ast-featured-img":"disabled","footer-sml-layout":"","ast-disable-related-posts":"","theme-transparent-header-meta":"","adv-header-id-meta":"","stick-header-meta":"","header-above-stick-meta":"","header-main-stick-meta":"","header-below-stick-meta":"","astra-migrate-meta-layouts":"set","ast-page-background-enabled":"default","ast-page-background-meta":{"desktop":{"background-color":"","background-image":"","background-repeat":"repeat","background-position":"center center","background-size":"auto","background-attachment":"scroll","background-type":"","background-media":"","overlay-type":"","overlay-color":"","overlay-opacity":"","overlay-gradient":""},"tablet":{"background-color":"","background-image":"","background-repeat":"repeat","background-position":"center center","background-size":"auto","background-attachment":"scroll","background-type":"","background-media":"","overlay-type":"","overlay-color":"","overlay-opacity":"","overlay-gradient":""},"mobile":{"background-color":"","background-image":"","background-repeat":"repeat","background-position":"center center","background-size":"auto","background-attachment":"scroll","background-type":"","background-media":"","overlay-type":"","overlay-color":"","overlay-opacity":"","overlay-gradient":""}},"ast-content-background-meta":{"desktop":{"background-color":"var(--ast-global-color-5)","background-image":"","background-repeat":"repeat","background-position":"center center","background-size":"auto","background-attachment":"scroll","background-type":"","background-media":"","overlay-type":"","overlay-color":"","overlay-opacity":"","overlay-gradient":""},"tablet":{"background-color":"var(--ast-global-color-5)","background-image":"","background-repeat":"repeat","background-position":"center center","background-size":"auto","background-attachment":"scroll","background-type":"","background-media":"","overlay-type":"","overlay-color":"","overlay-opacity":"","overlay-gradient":""},"mobile":{"background-color":"var(--ast-global-color-5)","background-image":"","background-repeat":"repeat","background-position":"center center","background-size":"auto","background-attachment":"scroll","background-type":"","background-media":"","overlay-type":"","overlay-color":"","overlay-opacity":"","overlay-gradient":""}},"_joinchat":[],"footnotes":""},"class_list":["post-2526","page","type-page","status-publish","hentry"],"_hostinger_reach_plugin_has_subscription_block":false,"_hostinger_reach_plugin_is_elementor":false,"uagb_featured_image_src":{"full":false,"thumbnail":false,"medium":false,"medium_large":false,"large":false,"1536x1536":false,"2048x2048":false,"trp-custom-language-flag":false},"uagb_author_info":{"display_name":"ceemmbulut@gmail.com","author_link":"https:\/\/vavdoor.com\/en\/author\/ceemmbulutgmail-com\/"},"uagb_comment_info":0,"uagb_excerpt":"\u0130\u00c7 MEKAN PVC HIZLI KAPI S\u0130STEM\u0130 SOFTROLL Yo\u011fun ge\u00e7i\u015fli \u00fcretim alanlar\u0131, depolar ve forklift trafi\u011finin yo\u011fun oldu\u011fu b\u00f6lgeler i\u00e7in geli\u015ftirilmi\u015f kendini onaran h\u0131zl\u0131 PVC kap\u0131 \u00e7\u00f6z\u00fcm\u00fc. \u00dcR\u00dcN HAKKINDA Kendini Onaran, G\u00fcvenli ve Y\u00fcksek Performansl\u0131 Kap\u0131 Sistemi SOFTROLL i\u00e7 mekan PVC h\u0131zl\u0131 kap\u0131 sistemi, yo\u011fun ge\u00e7i\u015fli \u00fcretim alanlar\u0131 i\u00e7in tasarlanm\u0131\u015f dayan\u0131kl\u0131 ve g\u00fcvenli bir end\u00fcstriyel kap\u0131&hellip;","_links":{"self":[{"href":"https:\/\/vavdoor.com\/en\/wp-json\/wp\/v2\/pages\/2526","targetHints":{"allow":["GET"]}}],"collection":[{"href":"https:\/\/vavdoor.com\/en\/wp-json\/wp\/v2\/pages"}],"about":[{"href":"https:\/\/vavdoor.com\/en\/wp-json\/wp\/v2\/types\/page"}],"author":[{"embeddable":true,"href":"https:\/\/vavdoor.com\/en\/wp-json\/wp\/v2\/users\/1"}],"replies":[{"embeddable":true,"href":"https:\/\/vavdoor.com\/en\/wp-json\/wp\/v2\/comments?post=2526"}],"version-history":[{"count":4,"href":"https:\/\/vavdoor.com\/en\/wp-json\/wp\/v2\/pages\/2526\/revisions"}],"predecessor-version":[{"id":2531,"href":"https:\/\/vavdoor.com\/en\/wp-json\/wp\/v2\/pages\/2526\/revisions\/2531"}],"wp:attachment":[{"href":"https:\/\/vavdoor.com\/en\/wp-json\/wp\/v2\/media?parent=2526"}],"curies":[{"name":"wp","href":"https:\/\/api.w.org\/{rel}","templated":true}]}}