{"id":2454,"date":"2026-04-27T11:33:56","date_gmt":"2026-04-27T11:33:56","guid":{"rendered":"https:\/\/vavdoor.com\/?page_id=2454"},"modified":"2026-04-27T11:35:45","modified_gmt":"2026-04-27T11:35:45","slug":"katalog","status":"publish","type":"page","link":"https:\/\/vavdoor.com\/en\/katalog\/","title":{"rendered":"Catalog"},"content":{"rendered":"<div data-elementor-type=\"wp-page\" data-elementor-id=\"2454\" class=\"elementor elementor-2454\">\n\t\t\t\t<div class=\"elementor-element elementor-element-875b447 e-con-full e-flex e-con e-parent\" data-id=\"875b447\" data-element_type=\"container\" data-e-type=\"container\">\n\t\t\t\t<div class=\"elementor-element elementor-element-31cbbe4 elementor-widget elementor-widget-html\" data-id=\"31cbbe4\" data-element_type=\"widget\" data-e-type=\"widget\" data-widget_type=\"html.default\">\n\t\t\t\t\t<style>\r\n  .katalog-alani{\r\n    background:#f7f7f9;\r\n    padding:80px 20px;\r\n    font-family:Arial, sans-serif;\r\n  }\r\n\r\n  .katalog-kutu{\r\n    max-width:1150px;\r\n    margin:0 auto;\r\n    background:#fff;\r\n    border-radius:24px;\r\n    padding:55px;\r\n    display:grid;\r\n    grid-template-columns:1.1fr 0.9fr;\r\n    gap:45px;\r\n    align-items:center;\r\n    box-shadow:0 12px 35px rgba(0,0,0,0.07);\r\n    border:1px solid #e8e8e8;\r\n  }\r\n\r\n  .katalog-icerik h1{\r\n    font-size:46px;\r\n    line-height:1.15;\r\n    margin:0 0 16px;\r\n    color:#0b1f3a;\r\n    font-weight:800;\r\n  }\r\n\r\n  .katalog-cizgi{\r\n    width:80px;\r\n    height:5px;\r\n    background:#c40000;\r\n    border-radius:999px;\r\n    margin:0 0 24px;\r\n  }\r\n\r\n  .katalog-icerik p{\r\n    font-size:17px;\r\n    line-height:1.7;\r\n    color:#5f6b7a;\r\n    margin:0 0 28px;\r\n  }\r\n\r\n  .katalog-butonlar{\r\n    display:flex;\r\n    gap:14px;\r\n    flex-wrap:wrap;\r\n  }\r\n\r\n  .katalog-btn{\r\n    display:inline-block;\r\n    background:#c40000;\r\n    color:#fff !important;\r\n    padding:15px 26px;\r\n    border-radius:12px;\r\n    text-decoration:none !important;\r\n    font-weight:700;\r\n    font-size:15px;\r\n  }\r\n\r\n  .katalog-btn:hover{\r\n    background:#990000;\r\n  }\r\n\r\n  .katalog-btn.ikincil{\r\n    background:#0b1f3a;\r\n  }\r\n\r\n  .katalog-btn.ikincil:hover{\r\n    background:#061326;\r\n  }\r\n\r\n  \/* SA\u011e G\u00d6RSEL *\/\r\n  .katalog-gorsel{\r\n    background:#f7f7f9;\r\n    border-radius:22px;\r\n    min-height:360px;\r\n    display:flex;\r\n    align-items:center;\r\n    justify-content:center;\r\n    padding:30px;\r\n    border:1px solid #ededed;\r\n  }\r\n\r\n  .katalog-gorsel img{\r\n    width:100%;\r\n    max-width:260px;\r\n    height:auto;\r\n    object-fit:contain;\r\n    border-radius:12px;\r\n    box-shadow:0 15px 35px rgba(0,0,0,0.15);\r\n  }\r\n\r\n  \/* ALT B\u0130LG\u0130LER *\/\r\n  .katalog-alt{\r\n    max-width:1150px;\r\n    margin:25px auto 0;\r\n    display:grid;\r\n    grid-template-columns:repeat(3,1fr);\r\n    gap:18px;\r\n  }\r\n\r\n  .katalog-bilgi{\r\n    background:#fff;\r\n    border-radius:16px;\r\n    padding:22px;\r\n    border:1px solid #e8e8e8;\r\n    box-shadow:0 4px 18px rgba(0,0,0,0.04);\r\n  }\r\n\r\n  .katalog-bilgi strong{\r\n    display:block;\r\n    color:#0b1f3a;\r\n    font-size:18px;\r\n    margin-bottom:7px;\r\n  }\r\n\r\n  .katalog-bilgi span{\r\n    color:#5f6b7a;\r\n    font-size:14px;\r\n    line-height:1.5;\r\n  }\r\n\r\n  \/* MOB\u0130L *\/\r\n  @media(max-width:900px){\r\n    .katalog-kutu{\r\n      grid-template-columns:1fr;\r\n      padding:35px 22px;\r\n    }\r\n\r\n    .katalog-icerik h1{\r\n      font-size:34px;\r\n    }\r\n\r\n    .katalog-gorsel{\r\n      min-height:280px;\r\n    }\r\n\r\n    .katalog-alt{\r\n      grid-template-columns:1fr;\r\n    }\r\n  }\r\n\r\n  @media(max-width:480px){\r\n    .katalog-alani{\r\n      padding:45px 14px;\r\n    }\r\n\r\n    .katalog-icerik h1{\r\n      font-size:28px;\r\n    }\r\n\r\n    .katalog-butonlar{\r\n      flex-direction:column;\r\n    }\r\n\r\n    .katalog-btn{\r\n      width:100%;\r\n      text-align:center;\r\n    }\r\n  }\r\n<\/style>\r\n\r\n<div class=\"katalog-alani\">\r\n\r\n  <div class=\"katalog-kutu\">\r\n\r\n    <div class=\"katalog-icerik\">\r\n      <h1>VAVDOOR PRODUCT CATALOG<\/h1>\r\n      <div class=\"katalog-cizgi\"><\/div>\r\n\r\n      <p>\r\n        To view our Vavdoor product catalog in detail, including our high-speed PVC doors, roller doors, folding doors, bellows systems, and automation spare parts solutions, or to download it as a PDF.\r\n      <\/p>\r\n\r\n      <div class=\"katalog-butonlar\">\r\n        <a class=\"katalog-btn\" href=\"https:\/\/vavdoor.com\/wp-content\/uploads\/2026\/04\/Vavdoor-Katalog.pdf\" target=\"_blank\">\r\n          View Catalog\r\n        <\/a>\r\n\r\n        <a class=\"katalog-btn ikincil\" href=\"https:\/\/vavdoor.com\/wp-content\/uploads\/2026\/04\/Vavdoor-Katalog.pdf\" download>\r\n          Download as PDF\r\n        <\/a>\r\n      <\/div>\r\n    <\/div>\r\n\r\n    <div class=\"katalog-gorsel\">\r\n      <img decoding=\"async\" src=\"https:\/\/vavdoor.com\/wp-content\/uploads\/2026\/04\/Katalog.png\" alt=\"Vavdoor Katalog\" title=\"Catalog\">\r\n    <\/div>\r\n\r\n  <\/div>\r\n\r\n  <div class=\"katalog-alt\">\r\n\r\n    <div class=\"katalog-bilgi\">\r\n      <strong>Products Groups<\/strong>\r\n      <span>High-speed door systems, PVC solutions, and automation equipment.<\/span>\r\n    <\/div>\r\n\r\n    <div class=\"katalog-bilgi\">\r\n      <strong>Technical Information<\/strong>\r\n      <span>Product features, areas of use, and system details.<\/span>\r\n    <\/div>\r\n\r\n    <div class=\"katalog-bilgi\">\r\n      <strong>PDF Format<\/strong>\r\n      <span>You can download the catalog file and review it offline.<\/span>\r\n    <\/div>\r\n\r\n  <\/div>\r\n\r\n<\/div>\t\t\t\t<\/div>\n\t\t\t\t<\/div>\n\t\t\t\t<\/div>","protected":false},"excerpt":{"rendered":"<p>VAVDOOR \u00dcR\u00dcN KATALO\u011eU H\u0131zl\u0131 PVC kap\u0131lar, sarmal kap\u0131lar, katlan\u0131r kap\u0131lar, k\u00f6r\u00fck sistemleri ve otomasyon yedek par\u00e7a \u00e7\u00f6z\u00fcmlerimizi detayl\u0131 \u015fekilde incelemek i\u00e7in Vavdoor \u00fcr\u00fcn katalo\u011funu g\u00f6r\u00fcnt\u00fcleyebilir veya PDF olarak indirebilirsiniz. Katalo\u011fu G\u00f6r\u00fcnt\u00fcle PDF Olarak \u0130ndir \u00dcr\u00fcn Gruplar\u0131 H\u0131zl\u0131 kap\u0131 sistemleri, PVC \u00e7\u00f6z\u00fcmler ve otomasyon ekipmanlar\u0131. Teknik Bilgiler \u00dcr\u00fcn \u00f6zellikleri, kullan\u0131m alanlar\u0131 ve sistem detaylar\u0131. PDF Format\u0131 [&hellip;]<\/p>\n","protected":false},"author":1,"featured_media":0,"parent":0,"menu_order":0,"comment_status":"closed","ping_status":"closed","template":"","meta":{"_uag_custom_page_level_css":"","site-sidebar-layout":"no-sidebar","site-content-layout":"page-builder","ast-site-content-layout":"full-width-container","site-content-style":"default","site-sidebar-style":"default","ast-global-header-display":"","ast-banner-title-visibility":"","ast-main-header-display":"","ast-hfb-above-header-display":"","ast-hfb-below-header-display":"","ast-hfb-mobile-header-display":"","site-post-title":"","ast-breadcrumbs-content":"","ast-featured-img":"disabled","footer-sml-layout":"","ast-disable-related-posts":"","theme-transparent-header-meta":"","adv-header-id-meta":"","stick-header-meta":"","header-above-stick-meta":"","header-main-stick-meta":"","header-below-stick-meta":"","astra-migrate-meta-layouts":"set","ast-page-background-enabled":"default","ast-page-background-meta":{"desktop":{"background-color":"","background-image":"","background-repeat":"repeat","background-position":"center center","background-size":"auto","background-attachment":"scroll","background-type":"","background-media":"","overlay-type":"","overlay-color":"","overlay-opacity":"","overlay-gradient":""},"tablet":{"background-color":"","background-image":"","background-repeat":"repeat","background-position":"center center","background-size":"auto","background-attachment":"scroll","background-type":"","background-media":"","overlay-type":"","overlay-color":"","overlay-opacity":"","overlay-gradient":""},"mobile":{"background-color":"","background-image":"","background-repeat":"repeat","background-position":"center center","background-size":"auto","background-attachment":"scroll","background-type":"","background-media":"","overlay-type":"","overlay-color":"","overlay-opacity":"","overlay-gradient":""}},"ast-content-background-meta":{"desktop":{"background-color":"var(--ast-global-color-5)","background-image":"","background-repeat":"repeat","background-position":"center center","background-size":"auto","background-attachment":"scroll","background-type":"","background-media":"","overlay-type":"","overlay-color":"","overlay-opacity":"","overlay-gradient":""},"tablet":{"background-color":"var(--ast-global-color-5)","background-image":"","background-repeat":"repeat","background-position":"center center","background-size":"auto","background-attachment":"scroll","background-type":"","background-media":"","overlay-type":"","overlay-color":"","overlay-opacity":"","overlay-gradient":""},"mobile":{"background-color":"var(--ast-global-color-5)","background-image":"","background-repeat":"repeat","background-position":"center center","background-size":"auto","background-attachment":"scroll","background-type":"","background-media":"","overlay-type":"","overlay-color":"","overlay-opacity":"","overlay-gradient":""}},"_joinchat":[],"footnotes":""},"class_list":["post-2454","page","type-page","status-publish","hentry"],"_hostinger_reach_plugin_has_subscription_block":false,"_hostinger_reach_plugin_is_elementor":false,"uagb_featured_image_src":{"full":false,"thumbnail":false,"medium":false,"medium_large":false,"large":false,"1536x1536":false,"2048x2048":false,"trp-custom-language-flag":false},"uagb_author_info":{"display_name":"ceemmbulut@gmail.com","author_link":"https:\/\/vavdoor.com\/en\/author\/ceemmbulutgmail-com\/"},"uagb_comment_info":0,"uagb_excerpt":"VAVDOOR \u00dcR\u00dcN KATALO\u011eU H\u0131zl\u0131 PVC kap\u0131lar, sarmal kap\u0131lar, katlan\u0131r kap\u0131lar, k\u00f6r\u00fck sistemleri ve otomasyon yedek par\u00e7a \u00e7\u00f6z\u00fcmlerimizi detayl\u0131 \u015fekilde incelemek i\u00e7in Vavdoor \u00fcr\u00fcn katalo\u011funu g\u00f6r\u00fcnt\u00fcleyebilir veya PDF olarak indirebilirsiniz. Katalo\u011fu G\u00f6r\u00fcnt\u00fcle PDF Olarak \u0130ndir \u00dcr\u00fcn Gruplar\u0131 H\u0131zl\u0131 kap\u0131 sistemleri, PVC \u00e7\u00f6z\u00fcmler ve otomasyon ekipmanlar\u0131. Teknik Bilgiler \u00dcr\u00fcn \u00f6zellikleri, kullan\u0131m alanlar\u0131 ve sistem detaylar\u0131. PDF Format\u0131&hellip;","_links":{"self":[{"href":"https:\/\/vavdoor.com\/en\/wp-json\/wp\/v2\/pages\/2454","targetHints":{"allow":["GET"]}}],"collection":[{"href":"https:\/\/vavdoor.com\/en\/wp-json\/wp\/v2\/pages"}],"about":[{"href":"https:\/\/vavdoor.com\/en\/wp-json\/wp\/v2\/types\/page"}],"author":[{"embeddable":true,"href":"https:\/\/vavdoor.com\/en\/wp-json\/wp\/v2\/users\/1"}],"replies":[{"embeddable":true,"href":"https:\/\/vavdoor.com\/en\/wp-json\/wp\/v2\/comments?post=2454"}],"version-history":[{"count":4,"href":"https:\/\/vavdoor.com\/en\/wp-json\/wp\/v2\/pages\/2454\/revisions"}],"predecessor-version":[{"id":2460,"href":"https:\/\/vavdoor.com\/en\/wp-json\/wp\/v2\/pages\/2454\/revisions\/2460"}],"wp:attachment":[{"href":"https:\/\/vavdoor.com\/en\/wp-json\/wp\/v2\/media?parent=2454"}],"curies":[{"name":"wp","href":"https:\/\/api.w.org\/{rel}","templated":true}]}}